{"id":873,"date":"2015-02-05T09:33:51","date_gmt":"2015-02-05T09:33:51","guid":{"rendered":"http:\/\/bsvdeilinghofen.de\/wpde\/?page_id=873"},"modified":"2018-12-19T10:17:30","modified_gmt":"2018-12-19T09:17:30","slug":"geschichte-1992-2002","status":"publish","type":"page","link":"https:\/\/bsvdeilinghofen.de\/Neuigkeiten\/formationen\/1-kompanie\/geschichte-der-1-kompanie\/geschichte-1992-2002\/","title":{"rendered":"Geschichte 1992 &#8211; 2002"},"content":{"rendered":"<div class=\"menu-1-kompanie-container\"><ul id=\"menu-1-kompanie\" class=\"menu\"><li id=\"menu-item-2073\" class=\"menu-item menu-item-type-post_type menu-item-object-page menu-item-2073\"><a href=\"https:\/\/bsvdeilinghofen.de\/Neuigkeiten\/formationen\/1-kompanie\/termine-1kompanie\/\">Termine<\/a><\/li>\n<li id=\"menu-item-2064\" class=\"menu-item menu-item-type-post_type menu-item-object-page menu-item-has-children menu-item-2064\"><a href=\"https:\/\/bsvdeilinghofen.de\/Neuigkeiten\/formationen\/1-kompanie\/geschichte-der-1-kompanie\/\">Geschichte<\/a>\n<ul class=\"sub-menu\">\n\t<li id=\"menu-item-2065\" class=\"menu-item menu-item-type-post_type menu-item-object-page menu-item-2065\"><a href=\"https:\/\/bsvdeilinghofen.de\/Neuigkeiten\/formationen\/1-kompanie\/geschichte-der-1-kompanie\/geschichte-der-1-kompanie\/\">Geschichte 1972 \u2013 1982<\/a><\/li>\n\t<li id=\"menu-item-2066\" class=\"menu-item menu-item-type-post_type menu-item-object-page menu-item-2066\"><a href=\"https:\/\/bsvdeilinghofen.de\/Neuigkeiten\/formationen\/1-kompanie\/geschichte-der-1-kompanie\/geschichte-1982-1992\/\">Geschichte 1982 \u2013 1992<\/a><\/li>\n\t<li id=\"menu-item-2067\" class=\"menu-item menu-item-type-post_type menu-item-object-page menu-item-2067\"><a href=\"https:\/\/bsvdeilinghofen.de\/Neuigkeiten\/formationen\/1-kompanie\/geschichte-der-1-kompanie\/geschichte-1992-2002\/\">Geschichte 1992 \u2013 2002<\/a><\/li>\n\t<li id=\"menu-item-2068\" class=\"menu-item menu-item-type-post_type menu-item-object-page menu-item-2068\"><a href=\"https:\/\/bsvdeilinghofen.de\/Neuigkeiten\/formationen\/1-kompanie\/geschichte-der-1-kompanie\/geschichte-2002-2012\/\">Geschichte 2002 \u2013 2012<\/a><\/li>\n\t<li id=\"menu-item-2069\" class=\"menu-item menu-item-type-post_type menu-item-object-page menu-item-2069\"><a href=\"https:\/\/bsvdeilinghofen.de\/Neuigkeiten\/formationen\/1-kompanie\/geschichte-der-1-kompanie\/geschichte-2012-heute\/\">Geschichte 2012 \u2013 2022<\/a><\/li>\n<\/ul>\n<\/li>\n<li id=\"menu-item-2063\" class=\"menu-item menu-item-type-post_type menu-item-object-page menu-item-2063\"><a href=\"https:\/\/bsvdeilinghofen.de\/Neuigkeiten\/formationen\/1-kompanie\/gaensekoenige\/\">G\u00e4nsek\u00f6nige<\/a><\/li>\n<li id=\"menu-item-2071\" class=\"menu-item menu-item-type-post_type menu-item-object-page menu-item-2071\"><a href=\"https:\/\/bsvdeilinghofen.de\/Neuigkeiten\/formationen\/1-kompanie\/koenigshaeuser-1-kompanie\/\">K\u00f6nigsh\u00e4user<\/a><\/li>\n<li id=\"menu-item-2072\" class=\"menu-item menu-item-type-post_type menu-item-object-page menu-item-2072\"><a href=\"https:\/\/bsvdeilinghofen.de\/Neuigkeiten\/formationen\/1-kompanie\/vorstand\/\">Vorstand<\/a><\/li>\n<li id=\"menu-item-2074\" class=\"menu-item menu-item-type-post_type menu-item-object-page menu-item-2074\"><a href=\"https:\/\/bsvdeilinghofen.de\/Neuigkeiten\/formationen\/1-kompanie\/termine\/\">Vorstand Historie<\/a><\/li>\n<\/ul><\/div>\n<hr \/>\n<h4 style=\"text-align: justify;\"><span style=\"font-size: 24pt;\">1992 &#8211; 2002<\/span><\/h4>\n<p style=\"text-align: justify;\"><strong><span style=\"font-size: 14pt;\">Unter einer neuen F\u00fchrung in das\u00a0n\u00e4chste Jahrzehnt<\/span><\/strong><\/p>\n<p style=\"text-align: justify;\"><span style=\"font-size: 14pt;\">ln der M\u00e4rzsitzung 1993 wurden wieder die Weichen\u00a0f\u00fcr das vor uns Iiegende Jahr gestellt. Bierausschank,\u00a0Osterfeuer, Vereinsmeisterschaften im Schie\u00dfen,\u00a0Hemer Sch\u00fctzenfest am 23.05.93, Planung mit dem\u00a0Fr\u00f6nsberger Musikzug,\u00a0Reinigung Zelt, Bewirtung<\/span><br \/>\n<span style=\"font-size: 14pt;\"> Kindersch\u00fctzenfest\u00a0und, und, und&#8230;&#8230;..\u00a0Sch\u00fctzenfestsamstag\u00a0traditionell Treffpunkt\u00a0der Kompanie zum kleinen\u00a0Umtrunk auf dem\u00a0Hof Stenner-Borghoff.\u00a0Bierchen und\u00a0Schnittchen werden\u00a0gereicht.\u00a0Gelegentlich Sockenkontrolle.\u00a0Verurteilungen f\u00fcr grobe\u00a0Vergehen und negatives\u00a0Auftreten\u00a0innerhalb der\u00a0Kompanieveranstaltungen.\u00a0Ma\u00dfregelungen\u00a0erfolgen durch den\u00a0Spie\u00df und spezielle Cocktails (engl.: alkoholisches\u00a0Mixgetr\u00e4nk) werden via Spritze eingefl\u00f6\u00dft und f\u00fchren\u00a0zu Geschmacksirritationen.\u00a0Eine Zeremonie, die sich j\u00e4hrlich wiederholt und f\u00fcr\u00a0viel Schmunzeln sorgt.<\/span><br \/>\n<span style=\"font-size: 14pt;\"> In der Septemberversammlung wird festgestellt,\u00a0dass das Zelt wieder in Ordnung ist, nachdem Ernst\u00a0Althaus und Karl-Heinz Fuchs 250 L\u00f6cher geflickt\u00a0haben. Zum Schluss des Jahres die \u00fcbliche FeststelIung, dass die Teilnahme der Sch\u00fctzen an den Festz\u00fcgen<\/span><br \/>\n<span style=\"font-size: 14pt;\"> in Hemer, Fr\u00f6nsberg und Westig nur m\u00e4\u00dfig war.\u00a0Der K\u00f6nigsball am 06.11.1993 in der Castst\u00e4tte Stenner\u00a0bildete den vorl\u00e4ufigen Abschluss in diesem Jahr.\u00a0K\u00f6nigspaar: Manfred und Wilma Ebberg.<\/span><br \/>\n<span style=\"font-size: 14pt;\"> Das Jahr 1994 gilt zun\u00e4chst der organisatorischen\u00a0Vorbereitung zum 125- j\u00e4hrigen Bestehen des BSV\u00a0Deilinghofen. Mit zwei Festwagen gl\u00e4nzte unsere\u00a0Kompanie, die keine Kosten und M\u00fchen gescheut\u00a0hatte, um sich den tausenden B\u00fcrgern an der Stra\u00dfe\u00a0zu pr\u00e4sentieren. Ein bunter Reigen.<\/span><br \/>\n<span style=\"font-size: 14pt;\"> Dass Klaus Krone montags den Vogel abschoss und Gabi T\u00fcmena zur K\u00f6nigin avancierte war das ber\u00fchmte\u00a0I-T\u00fcpfelchen.\u00a0Die Stimmung war ausgelassen.\u00a0,,Eingeschossen&#8220; zum Jubil\u00e4um hatte man sich\u00a0bereits bei der Halbtagesfahrt nach Eslohe\u00a0(Besichtigung der Essel-Hausbrauerei) und Wenholthausen\u00a0am 07.05.1994 mit Abschluss in der Sch\u00fctzenhalle.\u00a0Feststellung der Gastgeber (alles Sch\u00fctzen): Selten\u00a0habe man eine solch gemischte (jung und alt)\u00a0Gemeinschaft mit einem solchen Schnapsverzehr in\u00a0utopischer Gr\u00f6\u00dfenordnung erlebt. 21\u00a0Flaschen &#8222;Roten&#8220; wurden verkonsumiert.\u00a0Beim Sch\u00fctzenfest wurde J\u00f6rg Schauhoff die Vereinsfahne\u00a0gestohlen.\u00a0Unbest\u00e4tigte sachdienliche Hinweise gehen in Richtung\u00a0Dorfmitte.<\/span><br \/>\n<span style=\"font-size: 14pt;\"> Das C\u00e4nsek\u00f6ppen 1995 bei K\u00f6llings war wieder ein\u00a0Erfolg. Karl-Heinz Fuchs machte Rosie Bl\u00f6mers zur\u00a0G\u00e4nsek\u00f6nigin.\u00a0Schnarchhahn Brinker gl\u00e4nzte wieder mit seinen\u00a0Kochk\u00fcnsten und das Bier floss reichlich.<\/span><br \/>\n<span style=\"font-size: 14pt;\"> Das Sch\u00fctzenfest am 25.6.1995 in Benfe wurde besucht\u00a0und die alte Freundschaft gefestigt.\u00a0Laut Protokoll h\u00e4tte die Beteiligung besser sein k\u00f6nnen.\u00a0ln der Versammlung am 15.9.1995 wurde den Wei\u00dfhemden\u00a0empfohlen, k\u00fcnftig Uniformen zu tragen, da\u00a0die Gr\u00fcnr\u00f6cke in der Unterzahl sind. Donnerwetter!<\/span><br \/>\n<span style=\"font-size: 14pt;\"> Dass die verstorbenen Sch\u00fctzenbr\u00fcder unvergessen\u00a0bleiben, wird in jedem Jahr demonstriert durch das\u00a0Niederlegen von Blumengebinden auf den Gr\u00e4bern.\u00a0Eine Ehrensache und Verpflichtung gegen\u00fcber den\u00a0alten Weggef\u00e4hrten vor dem Sch\u00fctzenfest in dieser<\/span><br \/>\n<span style=\"font-size: 14pt;\"> Form die Unvergessenheit zu demonstrieren.<\/span><br \/>\n<span style=\"font-size: 14pt;\"> Der Familienwandertag 1996 f\u00fchrte die Kompanie\u00a0erstmals nach Riemke zum Hof der Familie Schulte.\u00a0Man findet gl\u00e4nzende Bedingungen f\u00fcr das G\u00e4nsek\u00f6ppen\u00a0vor und die Sch\u00fctzen f\u00fchlen sich wohl in der\u00a0l\u00e4ndlichen Atmosph\u00e4re.\u00a0Ernst Althaus holte alle Kraft aus sich heraus und\u00a0wurde der erste K\u00f6nig in Riemke. Seine K\u00f6nigin: lnge\u00a0Spieckermann, Ehefrau des Dorffigaros.\u00a0Der G\u00e4nsekopf ist allj\u00e4hrlich eine Produktion des\u00a0Sch\u00fctzenbruders Herbert Grebner, der trockenes,\u00a0hartes Holz bevorzugt um die ,,Lebensdauer&#8220; zu\u00a0verl\u00e4ngern.<\/span><br \/>\n<span style=\"font-size: 14pt;\"> ln der Versammlung vom 19.9.1997 verliest\u00a0Heiner Jacobs noch einmal seine vor 25 Jahren\u00a0gehaltene Antrittsrede. Er bringt zum Ausdruck, dass\u00a0es sich gelohnt hat, die erste Kompanie ins Leben zu\u00a0rufen. Recht hat er, der Ehrenkompanief\u00fchrer.<\/span><br \/>\n<span style=\"font-size: 14pt;\"> Der Kompaniefr\u00fchschoppen\u00a01997 fand\u00a0auf dem Hof von Henning\u00a0Edelhoff statt.\u00a0Nachmittags bei Kaiserwetter\u00a0der Festzug.\u00a0Die Damen unserer\u00a0Kompanie in Festgarderobe\u00a0und ein Jubil\u00e4umsfestwagen\u00a0unter\u00a0dem Motto: &#8222;lmmer am Ball&#8220;. Am\u00a0Ball war man dann\u00a0auch am 08.09.1997 in\u00a0der Turnhalle, wo man\u00a0das 25-j\u00e4hrige Bestehen feierte. Es wurde eine wundersch\u00f6ne\u00a0Feier mit einer Ballnacht, die von Thomas\u00a0Weber gl\u00e4nzend mitgestaltet wurde.\u00a0Begeistert waren auch die vielen geladenen G\u00e4ste,\u00a0u.a. auch aus Benfe.<\/span><br \/>\n<span style=\"font-size: 14pt;\"> Eine von Heinz T\u00fcmena organisierte Fahrt zum\u00a0Spielcasino Hohensyburg war 1997 der vorl\u00e4ufige\u00a0Abschluss eines lebhaften Jahres.<\/span><br \/>\n<span style=\"font-size: 14pt;\"> Nicht unerw\u00e4hnt sollte die Aussage in der Sitzung am\u00a013.11.98 von Heinz Steiof bleiben, dass die Beteiligung\u00a0der 22 durchgef\u00fchrten Schie\u00dfvera nstaltungen hervorragend\u00a0war. Erfreulich auch die schwarzen Zahlen\u00a0der Schie\u00dfkasse.<\/span><br \/>\n<span style=\"font-size: 14pt;\"> Dass die Kompaniedamen auch die Weihnachtsm\u00e4rkte\u00a0besuchen, zeigt, dass man terminliche Zeitreserven\u00a0hat.\u00a0Am 15.12.1998 fuhr man nach Essen.<\/span><br \/>\n<span style=\"font-size: 14pt;\"> Vom 11. bis 13.06.99 fand der ereignisreiche Kompanieausflug\u00a0nach Ringelai statt.\u00a0Sch\u00fctzenumzug, Olympiade in K\u00fcbach und Brotzeit\u00a0in Regensburg fanden Anklang bei allen Teilnehmern.\u00a0Abschluss bei Stindt mit Iserlohner Pilsener.<\/span><br \/>\n<span style=\"font-size: 14pt;\"> In der Versammlung am 21.01.2ooo wurde festgestellt,\u00a0dass die Kompanie eine St\u00e4rke von 71 Mitgliedern und 1 Ehrenmitglied aufweist.\u00a0Eine stattliche Anzahl.<\/span><br \/>\n<span style=\"font-size: 14pt;\"> Mit Heiko Schulte-Riemke und Kira Wienand stellte\u00a0die Kompanie wieder einmal das K\u00f6nigspaar.\u00a0Und das Besondere: Es ist ein junges Paar mit einem\u00a0jungen und attraktiven Hofstaat, der f\u00fcr ein stimmungsvolles\u00a0Fest sorgte.\u00a0Ein mal so richtig im K\u00f6nigsrausch lie\u00df es Heiko\u00a02001\u00a0noch einmal krachen und machte eine gewisse\u00a0Silvana Vitale zur G\u00e4nsek\u00f6nigin. Seine Ehefrau in spe.<\/span><br \/>\n<span style=\"font-size: 14pt;\"> Bereits in der Januarsitzung 2002\u00a0wurde durch die\u00a0Umstellung auf den Euro das neue Preisgef\u00fcge beim\u00a0G\u00e4nsek\u00f6ppen bekanntgegeben,\u00a0um Unstimmigkeiten\u00a0zu vermeiden.<\/span><br \/>\n<span style=\"font-size: 14pt;\">Am 24.8.2002\u00a0feierte\u00a0die Kompanie im Vereinslokal\u00a0Stindt seinen\u00a030. Geburtstag.\u00a0J\u00f6rg Schauhoff hat\u00a0eine Festschrift erstellt.\u00a0Hans-Peter Kasparek\u00a0spricht in seiner Festrede\u00a0von H\u00f6hen und Tiefen,\u00a0aber von einem\u00a0intakten Vereinsleben. Die Vereinsgr\u00fcnder erhielten\u00a0eine Ehrennadel und der Geburtstag wurde geb\u00fchrend\u00a0im Saal Stindt und in dem extra aufgebauten\u00a0Zelt gefeiert.<\/span><br \/>\n<span style=\"font-size: 14pt;\">Nun steht das 4. Jahrzehnt bevor. Der Blick geht\u00a0nach vorne. Packen wir es an.<\/span><\/p>\n<p style=\"text-align: justify;\">(Quelle : Festschrift : 40 Jahre Erste Kompanie Deilinghofen)<\/p>\n","protected":false},"excerpt":{"rendered":"<p>1992 &#8211; 2002 Unter einer neuen F\u00fchrung in das\u00a0n\u00e4chste Jahrzehnt ln der M\u00e4rzsitzung 1993 wurden wieder die Weichen\u00a0f\u00fcr das vor uns Iiegende Jahr gestellt. Bierausschank,\u00a0Osterfeuer, Vereinsmeisterschaften im Schie\u00dfen,\u00a0Hemer Sch\u00fctzenfest am 23.05.93, Planung mit dem\u00a0Fr\u00f6nsberger Musikzug,\u00a0Reinigung Zelt, Bewirtung Kindersch\u00fctzenfest\u00a0und, und, und&#8230;&#8230;..\u00a0Sch\u00fctzenfestsamstag\u00a0traditionell Treffpunkt\u00a0der Kompanie zum kleinen\u00a0Umtrunk auf dem\u00a0Hof Stenner-Borghoff.\u00a0Bierchen und\u00a0Schnittchen werden\u00a0gereicht.\u00a0Gelegentlich Sockenkontrolle.\u00a0Verurteilungen f\u00fcr grobe\u00a0Vergehen und negatives\u00a0Auftreten\u00a0innerhalb der\u00a0Kompanieveranstaltungen.\u00a0Ma\u00dfregelungen\u00a0erfolgen [&hellip;]<\/p>\n","protected":false},"author":1,"featured_media":0,"parent":877,"menu_order":0,"comment_status":"closed","ping_status":"closed","template":"page-full-width.php","meta":{"footnotes":""},"class_list":["post-873","page","type-page","status-publish","hentry"],"_links":{"self":[{"href":"https:\/\/bsvdeilinghofen.de\/Neuigkeiten\/wp-json\/wp\/v2\/pages\/873","targetHints":{"allow":["GET"]}}],"collection":[{"href":"https:\/\/bsvdeilinghofen.de\/Neuigkeiten\/wp-json\/wp\/v2\/pages"}],"about":[{"href":"https:\/\/bsvdeilinghofen.de\/Neuigkeiten\/wp-json\/wp\/v2\/types\/page"}],"author":[{"embeddable":true,"href":"https:\/\/bsvdeilinghofen.de\/Neuigkeiten\/wp-json\/wp\/v2\/users\/1"}],"replies":[{"embeddable":true,"href":"https:\/\/bsvdeilinghofen.de\/Neuigkeiten\/wp-json\/wp\/v2\/comments?post=873"}],"version-history":[{"count":3,"href":"https:\/\/bsvdeilinghofen.de\/Neuigkeiten\/wp-json\/wp\/v2\/pages\/873\/revisions"}],"predecessor-version":[{"id":2787,"href":"https:\/\/bsvdeilinghofen.de\/Neuigkeiten\/wp-json\/wp\/v2\/pages\/873\/revisions\/2787"}],"up":[{"embeddable":true,"href":"https:\/\/bsvdeilinghofen.de\/Neuigkeiten\/wp-json\/wp\/v2\/pages\/877"}],"wp:attachment":[{"href":"https:\/\/bsvdeilinghofen.de\/Neuigkeiten\/wp-json\/wp\/v2\/media?parent=873"}],"curies":[{"name":"wp","href":"https:\/\/api.w.org\/{rel}","templated":true}]}}