{"id":871,"date":"2015-02-05T09:32:34","date_gmt":"2015-02-05T09:32:34","guid":{"rendered":"http:\/\/bsvdeilinghofen.de\/wpde\/?page_id=871"},"modified":"2016-07-17T17:14:03","modified_gmt":"2016-07-17T15:14:03","slug":"geschichte-2002-2012","status":"publish","type":"page","link":"https:\/\/bsvdeilinghofen.de\/Neuigkeiten\/formationen\/1-kompanie\/geschichte-der-1-kompanie\/geschichte-2002-2012\/","title":{"rendered":"Geschichte 2002 &#8211; 2012"},"content":{"rendered":"<div class=\"menu-1-kompanie-container\"><ul id=\"menu-1-kompanie\" class=\"menu\"><li id=\"menu-item-2073\" class=\"menu-item menu-item-type-post_type menu-item-object-page menu-item-2073\"><a href=\"https:\/\/bsvdeilinghofen.de\/Neuigkeiten\/formationen\/1-kompanie\/termine-1kompanie\/\">Termine<\/a><\/li>\n<li id=\"menu-item-2064\" class=\"menu-item menu-item-type-post_type menu-item-object-page menu-item-has-children menu-item-2064\"><a href=\"https:\/\/bsvdeilinghofen.de\/Neuigkeiten\/formationen\/1-kompanie\/geschichte-der-1-kompanie\/\">Geschichte<\/a>\n<ul class=\"sub-menu\">\n\t<li id=\"menu-item-2065\" class=\"menu-item menu-item-type-post_type menu-item-object-page menu-item-2065\"><a href=\"https:\/\/bsvdeilinghofen.de\/Neuigkeiten\/formationen\/1-kompanie\/geschichte-der-1-kompanie\/geschichte-der-1-kompanie\/\">Geschichte 1972 \u2013 1982<\/a><\/li>\n\t<li id=\"menu-item-2066\" class=\"menu-item menu-item-type-post_type menu-item-object-page menu-item-2066\"><a href=\"https:\/\/bsvdeilinghofen.de\/Neuigkeiten\/formationen\/1-kompanie\/geschichte-der-1-kompanie\/geschichte-1982-1992\/\">Geschichte 1982 \u2013 1992<\/a><\/li>\n\t<li id=\"menu-item-2067\" class=\"menu-item menu-item-type-post_type menu-item-object-page menu-item-2067\"><a href=\"https:\/\/bsvdeilinghofen.de\/Neuigkeiten\/formationen\/1-kompanie\/geschichte-der-1-kompanie\/geschichte-1992-2002\/\">Geschichte 1992 \u2013 2002<\/a><\/li>\n\t<li id=\"menu-item-2068\" class=\"menu-item menu-item-type-post_type menu-item-object-page menu-item-2068\"><a href=\"https:\/\/bsvdeilinghofen.de\/Neuigkeiten\/formationen\/1-kompanie\/geschichte-der-1-kompanie\/geschichte-2002-2012\/\">Geschichte 2002 \u2013 2012<\/a><\/li>\n\t<li id=\"menu-item-2069\" class=\"menu-item menu-item-type-post_type menu-item-object-page menu-item-2069\"><a href=\"https:\/\/bsvdeilinghofen.de\/Neuigkeiten\/formationen\/1-kompanie\/geschichte-der-1-kompanie\/geschichte-2012-heute\/\">Geschichte 2012 \u2013 2022<\/a><\/li>\n<\/ul>\n<\/li>\n<li id=\"menu-item-2063\" class=\"menu-item menu-item-type-post_type menu-item-object-page menu-item-2063\"><a href=\"https:\/\/bsvdeilinghofen.de\/Neuigkeiten\/formationen\/1-kompanie\/gaensekoenige\/\">G\u00e4nsek\u00f6nige<\/a><\/li>\n<li id=\"menu-item-2071\" class=\"menu-item menu-item-type-post_type menu-item-object-page menu-item-2071\"><a href=\"https:\/\/bsvdeilinghofen.de\/Neuigkeiten\/formationen\/1-kompanie\/koenigshaeuser-1-kompanie\/\">K\u00f6nigsh\u00e4user<\/a><\/li>\n<li id=\"menu-item-2072\" class=\"menu-item menu-item-type-post_type menu-item-object-page menu-item-2072\"><a href=\"https:\/\/bsvdeilinghofen.de\/Neuigkeiten\/formationen\/1-kompanie\/vorstand\/\">Vorstand<\/a><\/li>\n<li id=\"menu-item-2074\" class=\"menu-item menu-item-type-post_type menu-item-object-page menu-item-2074\"><a href=\"https:\/\/bsvdeilinghofen.de\/Neuigkeiten\/formationen\/1-kompanie\/termine\/\">Vorstand Historie<\/a><\/li>\n<\/ul><\/div>\n<hr \/>\n<h4 style=\"text-align: justify;\"><span style=\"font-size: 24pt;\">2002 &#8211; 2012<\/span><\/h4>\n<p style=\"text-align: justify;\"><strong><span style=\"font-size: 14pt;\">Ver\u00e4nderungen im Vorstand h\u00e4ufen sich<\/span><\/strong><\/p>\n<p style=\"text-align: justify;\"><span style=\"font-size: 14pt;\">Mit Klaus Krone als neuer Kompanief\u00fchrer geht es in\u00a0das vierte Jahrzehnt.\u00a0ln der Kompanieversammlung am 17.01.2003 wurden\u00a0<\/span><span style=\"font-size: 14pt;\">wie gewohnt die Termine des neuen Sch\u00fctzenjahres\u00a0<\/span><span style=\"font-size: 14pt;\">z\u00fcgig besprochen und die Weichen gestellt.\u00a0<\/span><span style=\"font-size: 14pt;\">Bereits um 20.22 Uhr wird die Frikadellenpause\u00a0<\/span><span style=\"font-size: 14pt;\">eingel\u00e4utet, da wenig Gespr\u00e4chsbedarf besteht.\u00a0<\/span><span style=\"font-size: 14pt;\">Eine Tatsache, die schon I\u00e4nger zu beobachten ist.\u00a0<\/span><span style=\"font-size: 14pt;\">Jedenfalls wird diese Pause einmal genutzt, sich eine\u00a0<\/span><span style=\"font-size: 14pt;\">,,Unterlage&#8220; zu verschaffen, Beitr\u00e4ge zu bezahlen,\u00a0<\/span><span style=\"font-size: 14pt;\">Termine nachzufragen oder einfach untereinander zu\u00a0<\/span><span style=\"font-size: 14pt;\">kl\u00f6nen.<\/span><br \/>\n<span style=\"font-size: 14pt;\">In der Septemberversammlung 2003 stellte Hans-<\/span><span style=\"font-size: 14pt;\">Peter Kasparek fest, dass die letzte Karnevalsfeier\u00a0<\/span><span style=\"font-size: 14pt;\">vor zwanzig Jahren stattfand und empfahl eine\u00a0<\/span><span style=\"font-size: 14pt;\">,,Neuauflage&#8220;.\u00a0<\/span><span style=\"font-size: 14pt;\">Seine Feststellung hat gefruchtet. Zweiundsechzig\u00a0<\/span><span style=\"font-size: 14pt;\">Mitglieder kamen 2004 zur Feier. Und weil es so\u00a0<\/span><span style=\"font-size: 14pt;\">sch\u00f6n war, wurde beschlossen, das 2005 zu\u00a0<\/span><span style=\"font-size: 14pt;\">wiederholen.<\/span><br \/>\n<span style=\"font-size: 14pt;\">ln der Jahreshauptversammlung am 14.11.2003 wurde\u00a0<\/span><span style=\"font-size: 14pt;\">Kompanief\u00fchrer Klaus Krone, der das Amt bisher\u00a0<\/span><span style=\"font-size: 14pt;\">kommissarisch aus\u00fcbte, f\u00fcr f\u00fcnf Jahre einstimmig\u00a0<\/span><span style=\"font-size: 14pt;\">gew\u00e4hlt. Am 12.11.2004 erfolgte eine Beitragserh\u00f6hung\u00a0<\/span><span style=\"font-size: 14pt;\">um 4 \u20ac, da das Zelt nicht mehr vermietet wird\u00a0<\/span><span style=\"font-size: 14pt;\">und somit ein Einnahmeausfall von 900 \u20ac j\u00e4hrlich\u00a0<\/span><span style=\"font-size: 14pt;\">entsteht.<\/span><br \/>\n<span style=\"font-size: 14pt;\">Beim Sch\u00fctzenfest 2004 fand auf dem Parkplatz des\u00a0<\/span><span style=\"font-size: 14pt;\">Kaufparks der Zapfenstreich statt, der von der Bev\u00f6lkerung\u00a0<\/span><span style=\"font-size: 14pt;\">zahlreich und wohlwollend angenommen\u00a0<\/span><span style=\"font-size: 14pt;\">wurde.\u00a0Auf die protokollarisch\u00a0festgehaltenen\u00a0Orientierungsschw\u00e4chen\u00a0des\u00a0Tambourmajors vom\u00a0TV Deilinghofen sollte\u00a0man hinwegsehen.\u00a0Wir sind alle nur\u00a0Menschen, auch\u00a0Manfred Karl.<br \/>\nMit einem Paukenschlag begann das Jahr 2005.\u00a0ln einer gesondert einberufenen Versammlung am 18.2.2005 legte der amtierende Kompanief\u00fchrer\u00a0Klaus Krone nach nur knapp zwei Jahren das Amt\u00a0nieder um 1. Vorsitzender im BSV zu werden.<br \/>\nlhm folgt nach einstimmiger Wahl der seit fast 15 Jahren als Spie\u00df fungierende R\u00fcdiger Neumann.\u00a0Er ist gewillt, einen schlagkr\u00e4ftigen Vorstand auf die\u00a0Beine zu stellen. Die Aussage, ihm sei es um den\u00a0Fortbestand der Kompanie nicht bange, unterstreicht\u00a0seinen Willen, sich f\u00fcr die Sch\u00fctzenfamilie\u00a0einzusetzen.<br \/>\nDie Veranstaltungen von Kompanie und Verein fanden 2005 im gewohnten Rahmen statt und die PIanungen\u00a0f\u00fcr das Jahr 2006 wurden bereits eingeleitet.\u00a0Trotz der personellen Turbolenzen schlingerte das\u00a0,,Schiff&#8220; Erste Kompanie nicht, ganz im Gegenteil,\u00a0denn die Zug\u00e4nge in der Kompanie sind au\u00dfergew\u00f6hnlich.<br \/>\nDas Jahr 2006 stand ganz im Zeichen der Vorbereitungen\u00a0f\u00fcr die 700-Jahrfeier unserer ehemaligen\u00a0selbstst\u00e4ndigen Gemeinde Deilinghofen.<br \/>\nUngeachtet dessen fanden die gewohnten Feiern wie\u00a0G\u00e4nsek\u00f6ppen, Halbtagesfahrt usw. unter gro\u00dfer\u00a0Beteiligung statt.\u00a0Die gro\u00dfe Feier selbst war f\u00fcr alle Vereine im Ort eine\u00a0gro\u00dfe Herausforderung, die erfoIgreich gemeistert\u00a0wurde. Daher auch gro\u00dfes Lob vom Vorsitzenden\u00a0Klaus Krone.<br \/>\nNegativpunkt 2007 die Tatsache, dass Vandalen die\u00a0Seitenplanen unseres Zeltes zerschnitten haben.\u00a0Beschluss: Eine neue Plane wird bestellt.<br \/>\nK\u00fcnftig wird vor dem Sch\u00fctzenfest auf dem Friedhof\u00a0f\u00fcr die verstorbenen Mitglieder ein Kranz niedergeIegt, der dann nach drei Wochen entsorgt wird.\u00a0Bisher waren es Angebinde.<br \/>\nln der Januarsitzung 2008 ein kurzer R\u00fcckblick auf\u00a0das Jahresende. Nikolausfeier, Adventstreff und Neujahrsempfang\u00a0waren gut organisiert und gut besucht.\u00a0Die anstehenden Jahrestermine wurden besprochen.\u00a0Anregung Manfred Karl:\u00a0Die Kompanie sollte ein Skatturnier veranstalten.\u00a0Hat dieser Mann zu Hause Langeweile?<br \/>\nAm 15.11.2008 wurde die Sponsorentafel im Sch\u00fctzenheim\u00a0enth\u00fcllt als Zeichen und Dank f\u00fcr die Unterst\u00fctzung.\u00a0Noch h\u00f6her ist aber zu bewerten, was\u00a0flei\u00dfige H\u00e4nde geschaffen haben zur zweckdienlichen\u00a0Versch\u00f6nerung des Sch\u00fctzenhauses.<br \/>\nNach dem Osterfeuer 2009\u00a0auf dem Sch\u00fctzenplatz\u00a0wurde in der Nacht das Kompaniezelt derma\u00dfen besch\u00e4digt,\u00a0dass eine Reparatur aus wirtschaftlichen\u00a0Gr\u00fcnden nicht zu vertreten war. Das Zelt hat f\u00fcr die\u00a0Kompanie in vielfacher Hinsicht in Iangen Jahren viel\u00a0bedeutet.<br \/>\nln der Versammlung am 17.07.2009 wird der bereits\u00a0vielseitig eingesetzte Jan M\u00fcller, bekannt unter dem\u00a0Namen ,,Fl\u00fcgel&#8220; M\u00fcller vorgestellt und einstimmig in\u00a0die Kompanie aufgenommen. Nach der Entsorgung\u00a0des alten Zeltes steht k\u00fcnftig ein Zelt in der Gr\u00f6\u00dfe\u00a0von 6 x 8 m zur Verf\u00fcgung, das aber nicht ausgeliehen\u00a0wird.\u00a0Erstmals wurde 2009 Am Knapp die Erbsensuppe im\u00a0neuen Zelt angeboten.<br \/>\nDas K\u00f6nigspaar 2009: Rainer Woiczik und Michaela\u00a0Br\u00fcggemann.\u00a0Ein Paar unserer Kompanie, das mit Einsatz und\u00a0Freude ihre Regentenzeit gestaltete.<br \/>\n2010 f\u00fchrte uns die Halbtagesfahrt mal wieder nach\u00a0Wenholthausen. Zuvor erfolgte der Besuch eines alten\u00a0Backhauses in Althellefeld. Frisch gebackener\u00a0Kuchen und Brot mundeten.<br \/>\nEs gab auch ein K\u00f6nigspaar: Manfred Karl und seine\u00a0,,ewig alte Sch\u00fctzenliebe&#8220; Petra Wienand.\u00a01976 das Paar im Hauptverein, 1999 G\u00e4nsek\u00f6nigspaar\u00a0und 2010 Kompaniepaar. Wunderbar.<br \/>\n2010\u00a0wurde Jan M\u00fcller G\u00e4nsek\u00f6nig. Zum Gl\u00fcck hatte\u00a0die Gans keine Fl\u00fcgel.<br \/>\nMit Dirk Siebel und Petra lsenberg stellte die Kompanie 2010\u00a0wieder einmal das K\u00f6nigspaar.<br \/>\nln der Versammlung teilte Ingo Spieckermann mit,\u00a0dass Heiner Jacobs diverse Unterlagen aus fr\u00fcheren\u00a0Jahren an die Kompanie abgeben m\u00f6chte.\u00a0Es folgten Besuche, u.a. Heinz Steiof.<br \/>\nEnde 2010\u00a0kommt es in der Versammlung noch zu\u00a0einer ausf\u00fchrlichen Diskussion \u00fcber das Marschieren,\u00a0das wir eigentlich seit Jahrzehnten beherrschen. Es\u00a0geht einmal um die Musik der Stadtmusikanten, zum\u00a0anderen darum, wenn zwei Kapellen vor und hinter\u00a0der Kompanie spielen und wenn l\u00e4nger als eine Stunde\u00a0marschiert wird. Die Diskussion endet mit der\u00a0Feststellung von Axel Pferdekamp, dass in der Kompanle\u00a0reichlich Sch\u00fctzen,,mitgehen&#8220;, die nicht marschieren\u00a0k\u00f6nnen, egal welche Kapelle spielt. Basta, es\u00a0wird wie bisher marschiert.<br \/>\n2011\u00a0alles wie gehabt. AIIe Veranstaltungen rechtzeitig\u00a0terminiert und vorbereitet. Auch der Termin f\u00fcr\u00a0den 40. Geburtstag steht: Samstag, 27.10.2012, TVD-Turnhalle.\u00a0Ein Festausschuss wurde gew\u00e4hlt, der alle Vorbereitungen\u00a0treffen soll.<br \/>\nDie Halbtagesfahrt f\u00fchrte uns ins Ruhrgebiet.\u00a0Nach der M\u00f6hne 2010 nunmehr der Kemnader See\u00a0bei Bochum. Abends kein Tanz sondern Bingospiel in\u00a0gem\u00fctlicher Runde auf der Wiese.<br \/>\nDer Kompaniefr\u00fchschoppen 2011 fand mal wieder\u00a0,,au\u00dferhalb&#8220; auf dem Hof von Henning Edelhoff\u00a0statt.<br \/>\nAuf der Jahreshauptversammlung am 11.11.2o11 fand\u00a0der Jahresr\u00fcckblick statt. Keine \u00dcberraschungen.\u00a0Zufriedenheit unter den Sch\u00fctzen und den anwesenden\u00a0Damen. Lediglich beim Thema 4o. Ceburtstag\u00a0kam es teils zum erregten Gedankenaustausch,\u00a0zumal der Festausschuss mit Ausk\u00fcnften geizte.<br \/>\nAm 18.03.2011\u00a0wurde Dirk Siebel zum Feldwebel gew\u00e4hlt.\u00a0Das Jahr 2012\u00a0begann mit dem Neujahrsempfang im\u00a0Feuerwehrger\u00e4tehaus. Ausnahmsweise, denn im\u00a0Sommer stand der 100. Geburtstag an.<br \/>\nAuf die Halbtagesfahrt der Kompanie wurde auf\u00a0Grund des gro\u00dfen Geburtstages verzichtet. Nicht\u00a0aber auf das G\u00e4nsek\u00f6ppen, das in der Apricker\u00a0,,Kurve&#8220; bei K\u00f6llings wie so oft stattfand.\u00a0Gem\u00fctlichkeit pur, bis zu dem Zeitpunkt als Grillmeister &#8222;M\u00e4nne&#8220; Gillen im Sturzflug die Festigkeit des\u00a0Bodens unfreiwillig pr\u00fcfte.\u00a0Ergebnis: Tat\u00fctata, auf nach Hemer zur Notaufnahme.\u00a0Zwei Kopfwunden wurden gen\u00e4ht. Und weil das\u00a0so sch\u00f6n ist, folgte Herwig Bl\u00f6mers, der sich am Eingangstor\u00a0der Familie K\u00f6lling die Hand aufriss.\u00a0Tat\u00fctata der n\u00e4chste vom BSV ist da. Angeblich 14\u00a0Stiche. So ein Pech.<br \/>\n\u00dcberraschend der R\u00fccktritt von Spie\u00df Dirk Siebel, der\u00a0diese Position noch nicht lange bekleidete.<br \/>\nDas Sch\u00fctzenfest 2012 verlief in der gewohnten\u00a0Form. Keine \u00dcberraschungen. Au\u00dfer unsere Kompaniedamen,\u00a0die in einem neuen Outfit aufwarteten.\u00a0Sie pr\u00e4sentierten sich einheitlich in schwarzen R\u00f6cken,\u00a0wei\u00dfen Blusen und gr\u00fcnen Sch\u00fcrzen.\u00a0Geburtstagsfestgewand.<br \/>\nDie Kompaniemitglieder fiebern dem 4o. Geburtstag\u00a0in der Turnhalle entgegen.<br \/>\nGute Musik wird es geben, denn Thomas Weber ist\u00a0schon seit Jahrzehnten ein beliebter Gast der Kompanie\u00a0und ein Garant f\u00fcr gute Musik, Stimmung und\u00a0Unterhaltung. Der Vorstand des Hauptvereins sowie\u00a0die einzelnen Kompanien und Abteilungen sind geladen.<br \/>\nDazu der Spielmannszug des TVD, der bei den Sch\u00fctzenveranstaltungen\u00a0nicht fehlen darf.<br \/>\nAlle Voraussetzungen f\u00fcr ein gro\u00dfes Fest sind gegeben.<br \/>\n<\/span><\/p>\n<p style=\"text-align: justify;\">(Quelle : Festschrift : 40 Jahre Erste Kompanie Deilinghofen)<\/p>\n","protected":false},"excerpt":{"rendered":"<p>2002 &#8211; 2012 Ver\u00e4nderungen im Vorstand h\u00e4ufen sich Mit Klaus Krone als neuer Kompanief\u00fchrer geht es in\u00a0das vierte Jahrzehnt.\u00a0ln der Kompanieversammlung am 17.01.2003 wurden\u00a0wie gewohnt die Termine des neuen Sch\u00fctzenjahres\u00a0z\u00fcgig besprochen und die Weichen gestellt.\u00a0Bereits um 20.22 Uhr wird die Frikadellenpause\u00a0eingel\u00e4utet, da wenig Gespr\u00e4chsbedarf besteht.\u00a0Eine Tatsache, die schon I\u00e4nger zu beobachten ist.\u00a0Jedenfalls wird diese Pause [&hellip;]<\/p>\n","protected":false},"author":1,"featured_media":0,"parent":877,"menu_order":0,"comment_status":"closed","ping_status":"closed","template":"page-full-width.php","meta":{"footnotes":""},"class_list":["post-871","page","type-page","status-publish","hentry"],"_links":{"self":[{"href":"https:\/\/bsvdeilinghofen.de\/Neuigkeiten\/wp-json\/wp\/v2\/pages\/871","targetHints":{"allow":["GET"]}}],"collection":[{"href":"https:\/\/bsvdeilinghofen.de\/Neuigkeiten\/wp-json\/wp\/v2\/pages"}],"about":[{"href":"https:\/\/bsvdeilinghofen.de\/Neuigkeiten\/wp-json\/wp\/v2\/types\/page"}],"author":[{"embeddable":true,"href":"https:\/\/bsvdeilinghofen.de\/Neuigkeiten\/wp-json\/wp\/v2\/users\/1"}],"replies":[{"embeddable":true,"href":"https:\/\/bsvdeilinghofen.de\/Neuigkeiten\/wp-json\/wp\/v2\/comments?post=871"}],"version-history":[{"count":1,"href":"https:\/\/bsvdeilinghofen.de\/Neuigkeiten\/wp-json\/wp\/v2\/pages\/871\/revisions"}],"predecessor-version":[{"id":2106,"href":"https:\/\/bsvdeilinghofen.de\/Neuigkeiten\/wp-json\/wp\/v2\/pages\/871\/revisions\/2106"}],"up":[{"embeddable":true,"href":"https:\/\/bsvdeilinghofen.de\/Neuigkeiten\/wp-json\/wp\/v2\/pages\/877"}],"wp:attachment":[{"href":"https:\/\/bsvdeilinghofen.de\/Neuigkeiten\/wp-json\/wp\/v2\/media?parent=871"}],"curies":[{"name":"wp","href":"https:\/\/api.w.org\/{rel}","templated":true}]}}