{"id":49,"date":"2016-07-17T14:35:38","date_gmt":"2016-07-17T12:35:38","guid":{"rendered":"http:\/\/bsvdeilinghofen.de\/Neuigkeiten\/?page_id=49"},"modified":"2024-05-04T11:16:50","modified_gmt":"2024-05-04T09:16:50","slug":"geschaeftsordnung","status":"publish","type":"page","link":"https:\/\/bsvdeilinghofen.de\/Neuigkeiten\/geschaeftsordnung\/","title":{"rendered":"Gesch\u00e4ftsordnung BSV Deilinghofen"},"content":{"rendered":"<p>Nachfolgender Link \u00f6ffnet die Gesch\u00e4ftsordnung des BSVD<\/p>\n<h4 style=\"text-align: center;\"><a href=\"https:\/\/bsvdeilinghofen.de\/wp-content\/uploads\/2024\/05\/Geschaeftsordnung-24-02-07.pdf\">Gesch\u00e4ftsordnung des BSV Deilinghofen<br \/>in der Fassung vom 07.02.2024<\/a><\/h4>\n\n","protected":false},"excerpt":{"rendered":"<p>Nachfolgender Link \u00f6ffnet die Gesch\u00e4ftsordnung des BSVD Gesch\u00e4ftsordnung des BSV Deilinghofenin der Fassung vom 07.02.2024<\/p>\n","protected":false},"author":1,"featured_media":0,"parent":0,"menu_order":0,"comment_status":"closed","ping_status":"closed","template":"page-full-width.php","meta":{"footnotes":""},"class_list":["post-49","page","type-page","status-publish","hentry"],"_links":{"self":[{"href":"https:\/\/bsvdeilinghofen.de\/Neuigkeiten\/wp-json\/wp\/v2\/pages\/49","targetHints":{"allow":["GET"]}}],"collection":[{"href":"https:\/\/bsvdeilinghofen.de\/Neuigkeiten\/wp-json\/wp\/v2\/pages"}],"about":[{"href":"https:\/\/bsvdeilinghofen.de\/Neuigkeiten\/wp-json\/wp\/v2\/types\/page"}],"author":[{"embeddable":true,"href":"https:\/\/bsvdeilinghofen.de\/Neuigkeiten\/wp-json\/wp\/v2\/users\/1"}],"replies":[{"embeddable":true,"href":"https:\/\/bsvdeilinghofen.de\/Neuigkeiten\/wp-json\/wp\/v2\/comments?post=49"}],"version-history":[{"count":11,"href":"https:\/\/bsvdeilinghofen.de\/Neuigkeiten\/wp-json\/wp\/v2\/pages\/49\/revisions"}],"predecessor-version":[{"id":4018,"href":"https:\/\/bsvdeilinghofen.de\/Neuigkeiten\/wp-json\/wp\/v2\/pages\/49\/revisions\/4018"}],"wp:attachment":[{"href":"https:\/\/bsvdeilinghofen.de\/Neuigkeiten\/wp-json\/wp\/v2\/media?parent=49"}],"curies":[{"name":"wp","href":"https:\/\/api.w.org\/{rel}","templated":true}]}}