{"id":458,"date":"2015-01-05T18:15:37","date_gmt":"2015-01-05T18:15:37","guid":{"rendered":"http:\/\/bsvdeilinghofen.de\/wpde\/?page_id=458"},"modified":"2018-12-20T06:16:56","modified_gmt":"2018-12-20T05:16:56","slug":"kompaniekoenige-fahnenabteilung","status":"publish","type":"page","link":"https:\/\/bsvdeilinghofen.de\/Neuigkeiten\/formationen\/fahnenabteilung\/kompaniekoenige-fahnenabteilung\/","title":{"rendered":"Kompaniek\u00f6nige \/ Fahnenmeister(-innen) Fahnenabteilung"},"content":{"rendered":"<div class=\"menu-fahne-container\"><ul id=\"menu-fahne\" class=\"menu\"><li id=\"menu-item-2087\" class=\"menu-item menu-item-type-post_type menu-item-object-page menu-item-2087\"><a href=\"https:\/\/bsvdeilinghofen.de\/Neuigkeiten\/formationen\/fahnenabteilung\/geschichte-der-fahnenabteilung\/\">Geschichte<\/a><\/li>\n<li id=\"menu-item-2088\" class=\"menu-item menu-item-type-post_type menu-item-object-page menu-item-2088\"><a href=\"https:\/\/bsvdeilinghofen.de\/Neuigkeiten\/formationen\/fahnenabteilung\/kompaniekoenige-fahnenabteilung\/\">Kompaniek\u00f6nige<\/a><\/li>\n<li id=\"menu-item-2089\" class=\"menu-item menu-item-type-post_type menu-item-object-page menu-item-2089\"><a href=\"https:\/\/bsvdeilinghofen.de\/Neuigkeiten\/formationen\/fahnenabteilung\/koenigshaeuser-fahnenabteilung\/\">K\u00f6nigsh\u00e4user<\/a><\/li>\n<li id=\"menu-item-2090\" class=\"menu-item menu-item-type-post_type menu-item-object-page menu-item-2090\"><a href=\"https:\/\/bsvdeilinghofen.de\/Neuigkeiten\/formationen\/fahnenabteilung\/termine-der-fahnenabteilung\/\">Termine<\/a><\/li>\n<li id=\"menu-item-2091\" class=\"menu-item menu-item-type-post_type menu-item-object-page menu-item-2091\"><a href=\"https:\/\/bsvdeilinghofen.de\/Neuigkeiten\/formationen\/fahnenabteilung\/vorstand-fahnenabteilung\/\">Vorstand<\/a><\/li>\n<\/ul><\/div>\n<hr \/>\n<p><span style=\"text-decoration: underline;\"><strong>Kompaniek\u00f6nige<\/strong><\/span><\/p>\n<p>Die Kompaniek\u00f6nige werden bei einem K\u00f6nigsschie\u00dfen ermittelt. An diesem Schie\u00dfen k\u00f6nnen M\u00e4nner und Frauen teilnehmen.<\/p>\n<p>2002 Melanie K\u00f6nigstein<br \/>\n2003 Stefan Sommer<br \/>\n2004 nicht statt gefunden<br \/>\n2005 Armin Tekutis<br \/>\n2006 Holger Labahn<br \/>\n2007 Peter Westermann<br \/>\n2008 Michael J\u00fcrgens<br \/>\n2009 Armin Tekutis<br \/>\n2010 Simone Krisp<br \/>\n2011 Andreas Krisp<br \/>\n2012 Simone Krisp<\/p>\n<p>Das Kompaniek\u00f6nigsschie\u00dfen hat seit 2013 aus verschiedenen Gr\u00fcnden nicht mehr statt gefunden.<\/p>\n<hr \/>\n<p><span style=\"text-decoration: underline;\"><strong>Fahnenmeister<\/strong><\/span><\/p>\n<p>Die Fahnenmeister und -meisterinnen werden ermittelt durch die Besten drei Wertungen der einzelnen Sch\u00fctzen im Schie\u00dfjahr.<br \/>\n2006 Holger Labahn<br \/>\n2007 Holger Labahn<br \/>\n2008 Thorsten Schulte-Platthaus<br \/>\n2009 Dirk Hamer<br \/>\n2010 Dirk Hamer<br \/>\n2011 Dirk Hamer<br \/>\n2012 Dirk Hamer<br \/>\n2013 Dirk Hamer<br \/>\n2014 Dirk Hamer<br \/>\n2015 Dirk Hamer<br \/>\n2016 Dirk Hamer<br \/>\n2017 Dirk Hamer<\/p>\n<hr \/>\n<p><span style=\"text-decoration: underline;\"><strong>Fahnenmeisterinnen<\/strong><\/span><\/p>\n<p>2007 Simone Krisp<br \/>\n2008 Ute Lemke<br \/>\n2009 Simoe Krisp<br \/>\n2010 Simone Krisp<br \/>\n2011 Simone Krisp<br \/>\n2012 Melanie K\u00f6nigstein<br \/>\n2013 Melanie K\u00f6nigstein<br \/>\n2014 Melanie K\u00f6nigstein<\/p>\n<hr \/>\n","protected":false},"excerpt":{"rendered":"<p>Kompaniek\u00f6nige Die Kompaniek\u00f6nige werden bei einem K\u00f6nigsschie\u00dfen ermittelt. An diesem Schie\u00dfen k\u00f6nnen M\u00e4nner und Frauen teilnehmen. 2002 Melanie K\u00f6nigstein 2003 Stefan Sommer 2004 nicht statt gefunden 2005 Armin Tekutis 2006 Holger Labahn 2007 Peter Westermann 2008 Michael J\u00fcrgens 2009 Armin Tekutis 2010 Simone Krisp 2011 Andreas Krisp 2012 Simone Krisp Das Kompaniek\u00f6nigsschie\u00dfen hat seit 2013 [&hellip;]<\/p>\n","protected":false},"author":1,"featured_media":0,"parent":124,"menu_order":0,"comment_status":"closed","ping_status":"closed","template":"page-full-width.php","meta":{"footnotes":""},"class_list":["post-458","page","type-page","status-publish","hentry"],"_links":{"self":[{"href":"https:\/\/bsvdeilinghofen.de\/Neuigkeiten\/wp-json\/wp\/v2\/pages\/458","targetHints":{"allow":["GET"]}}],"collection":[{"href":"https:\/\/bsvdeilinghofen.de\/Neuigkeiten\/wp-json\/wp\/v2\/pages"}],"about":[{"href":"https:\/\/bsvdeilinghofen.de\/Neuigkeiten\/wp-json\/wp\/v2\/types\/page"}],"author":[{"embeddable":true,"href":"https:\/\/bsvdeilinghofen.de\/Neuigkeiten\/wp-json\/wp\/v2\/users\/1"}],"replies":[{"embeddable":true,"href":"https:\/\/bsvdeilinghofen.de\/Neuigkeiten\/wp-json\/wp\/v2\/comments?post=458"}],"version-history":[{"count":2,"href":"https:\/\/bsvdeilinghofen.de\/Neuigkeiten\/wp-json\/wp\/v2\/pages\/458\/revisions"}],"predecessor-version":[{"id":2825,"href":"https:\/\/bsvdeilinghofen.de\/Neuigkeiten\/wp-json\/wp\/v2\/pages\/458\/revisions\/2825"}],"up":[{"embeddable":true,"href":"https:\/\/bsvdeilinghofen.de\/Neuigkeiten\/wp-json\/wp\/v2\/pages\/124"}],"wp:attachment":[{"href":"https:\/\/bsvdeilinghofen.de\/Neuigkeiten\/wp-json\/wp\/v2\/media?parent=458"}],"curies":[{"name":"wp","href":"https:\/\/api.w.org\/{rel}","templated":true}]}}