{"id":4272,"date":"2025-06-03T21:23:17","date_gmt":"2025-06-03T19:23:17","guid":{"rendered":"https:\/\/bsvdeilinghofen.de\/Neuigkeiten\/?page_id=4272"},"modified":"2026-03-13T23:49:17","modified_gmt":"2026-03-13T22:49:17","slug":"jugendzug-neuigkeiten","status":"publish","type":"page","link":"https:\/\/bsvdeilinghofen.de\/Neuigkeiten\/jugendzug-neuigkeiten\/","title":{"rendered":"Jugendzug Neuigkeiten"},"content":{"rendered":"\n<p>Jetzt Neu: Eigene Poloshirts\u00a0<\/p>\n<p><a href=\"https:\/\/bsvdeilinghofen.de\/Neuigkeiten\/wp-content\/uploads\/2026\/03\/IMG_9169-scaled.jpeg\"><img loading=\"lazy\" decoding=\"async\" class=\"alignnone size-medium wp-image-4495\" src=\"https:\/\/bsvdeilinghofen.de\/Neuigkeiten\/wp-content\/uploads\/2026\/03\/IMG_9169-225x300.jpeg\" alt=\"\" width=\"225\" height=\"300\" srcset=\"https:\/\/bsvdeilinghofen.de\/Neuigkeiten\/wp-content\/uploads\/2026\/03\/IMG_9169-225x300.jpeg 225w, https:\/\/bsvdeilinghofen.de\/Neuigkeiten\/wp-content\/uploads\/2026\/03\/IMG_9169-768x1024.jpeg 768w, https:\/\/bsvdeilinghofen.de\/Neuigkeiten\/wp-content\/uploads\/2026\/03\/IMG_9169-1152x1536.jpeg 1152w, https:\/\/bsvdeilinghofen.de\/Neuigkeiten\/wp-content\/uploads\/2026\/03\/IMG_9169-1536x2048.jpeg 1536w, https:\/\/bsvdeilinghofen.de\/Neuigkeiten\/wp-content\/uploads\/2026\/03\/IMG_9169-scaled.jpeg 1920w\" sizes=\"auto, (max-width: 225px) 100vw, 225px\" \/><\/a><\/p>\n<p>\u00a0<\/p>\n\n\n\n<p><span style=\"font-size: revert;\">Ab sofort: Jugendzug Pin Verkauf<\/span><\/p>\n<p><a href=\"https:\/\/bsvdeilinghofen.de\/Neuigkeiten\/wp-content\/uploads\/2026\/03\/IMG_8911.jpeg\"><img loading=\"lazy\" decoding=\"async\" class=\"size-medium wp-image-4476\" src=\"https:\/\/bsvdeilinghofen.de\/Neuigkeiten\/wp-content\/uploads\/2026\/03\/IMG_8911-205x300.jpeg\" alt=\"\" width=\"205\" height=\"300\" srcset=\"https:\/\/bsvdeilinghofen.de\/Neuigkeiten\/wp-content\/uploads\/2026\/03\/IMG_8911-205x300.jpeg 205w, https:\/\/bsvdeilinghofen.de\/Neuigkeiten\/wp-content\/uploads\/2026\/03\/IMG_8911-701x1024.jpeg 701w, https:\/\/bsvdeilinghofen.de\/Neuigkeiten\/wp-content\/uploads\/2026\/03\/IMG_8911-768x1121.jpeg 768w, https:\/\/bsvdeilinghofen.de\/Neuigkeiten\/wp-content\/uploads\/2026\/03\/IMG_8911-1052x1536.jpeg 1052w, https:\/\/bsvdeilinghofen.de\/Neuigkeiten\/wp-content\/uploads\/2026\/03\/IMG_8911.jpeg 1128w\" sizes=\"auto, (max-width: 205px) 100vw, 205px\" \/><\/a><\/p>\n<p><br \/><br \/>Neu! Schie\u00dfanlage mit beweglichen Zielen<\/p>\n<p><a href=\"https:\/\/bsvdeilinghofen.de\/Neuigkeiten\/wp-content\/uploads\/2025\/11\/IMG_8255.jpeg\"><img loading=\"lazy\" decoding=\"async\" class=\"alignnone size-medium wp-image-4399\" src=\"https:\/\/bsvdeilinghofen.de\/Neuigkeiten\/wp-content\/uploads\/2025\/11\/IMG_8255-300x175.jpeg\" alt=\"\" width=\"300\" height=\"175\" srcset=\"https:\/\/bsvdeilinghofen.de\/Neuigkeiten\/wp-content\/uploads\/2025\/11\/IMG_8255-300x175.jpeg 300w, https:\/\/bsvdeilinghofen.de\/Neuigkeiten\/wp-content\/uploads\/2025\/11\/IMG_8255.jpeg 576w\" sizes=\"auto, (max-width: 300px) 100vw, 300px\" \/><\/a><\/p>\n<p>\u00a0<\/p>\n<p><br \/><br \/>Baumpflanz Challenge 2025<\/p>\n<p><a href=\"https:\/\/bsvdeilinghofen.de\/Neuigkeiten\/wp-content\/uploads\/2025\/11\/IMG_7986-scaled.jpeg\"><img loading=\"lazy\" decoding=\"async\" class=\"alignnone size-medium wp-image-4402\" src=\"https:\/\/bsvdeilinghofen.de\/Neuigkeiten\/wp-content\/uploads\/2025\/11\/IMG_7986-225x300.jpeg\" alt=\"\" width=\"225\" height=\"300\" srcset=\"https:\/\/bsvdeilinghofen.de\/Neuigkeiten\/wp-content\/uploads\/2025\/11\/IMG_7986-225x300.jpeg 225w, https:\/\/bsvdeilinghofen.de\/Neuigkeiten\/wp-content\/uploads\/2025\/11\/IMG_7986-768x1024.jpeg 768w, https:\/\/bsvdeilinghofen.de\/Neuigkeiten\/wp-content\/uploads\/2025\/11\/IMG_7986-1152x1536.jpeg 1152w, https:\/\/bsvdeilinghofen.de\/Neuigkeiten\/wp-content\/uploads\/2025\/11\/IMG_7986-1536x2048.jpeg 1536w, https:\/\/bsvdeilinghofen.de\/Neuigkeiten\/wp-content\/uploads\/2025\/11\/IMG_7986-scaled.jpeg 1920w\" sizes=\"auto, (max-width: 225px) 100vw, 225px\" \/><\/a><br \/><br \/><br \/><\/p>\n<p>\u00a0<\/p>\n<p>Gr\u00fcndungsabend<\/p>\n<p><a href=\"https:\/\/bsvdeilinghofen.de\/Neuigkeiten\/wp-content\/uploads\/2025\/11\/ebce53fc-f0ca-488c-a1d3-b725cbbe230c-scaled-e1762294488440.jpeg\"><img loading=\"lazy\" decoding=\"async\" class=\"alignnone size-medium wp-image-4403\" src=\"https:\/\/bsvdeilinghofen.de\/Neuigkeiten\/wp-content\/uploads\/2025\/11\/ebce53fc-f0ca-488c-a1d3-b725cbbe230c-scaled-e1762294488440-300x220.jpeg\" alt=\"\" width=\"300\" height=\"220\" srcset=\"https:\/\/bsvdeilinghofen.de\/Neuigkeiten\/wp-content\/uploads\/2025\/11\/ebce53fc-f0ca-488c-a1d3-b725cbbe230c-scaled-e1762294488440-300x220.jpeg 300w, https:\/\/bsvdeilinghofen.de\/Neuigkeiten\/wp-content\/uploads\/2025\/11\/ebce53fc-f0ca-488c-a1d3-b725cbbe230c-scaled-e1762294488440-1024x749.jpeg 1024w, https:\/\/bsvdeilinghofen.de\/Neuigkeiten\/wp-content\/uploads\/2025\/11\/ebce53fc-f0ca-488c-a1d3-b725cbbe230c-scaled-e1762294488440-768x562.jpeg 768w, https:\/\/bsvdeilinghofen.de\/Neuigkeiten\/wp-content\/uploads\/2025\/11\/ebce53fc-f0ca-488c-a1d3-b725cbbe230c-scaled-e1762294488440.jpeg 1335w\" sizes=\"auto, (max-width: 300px) 100vw, 300px\" \/><\/a><\/p>\n<p>\u00a0<\/p>\n<p>\u00a0<\/p>\n<p>\u00a0<\/p>\n<p>\u00a0<\/p>\n<p>\u00a0<\/p>\n<p>\u00a0<\/p>\n<p>Achtung !<br \/>F\u00fcr das Schie\u00dfen wird eine Einverst\u00e4ndniserkl\u00e4rung der Erziehungsberechtigten ben\u00f6tigt. Bitte diese ausgef\u00fcllt zum Probeschie\u00dfen mitbringen.\u00a0<\/p>\n\n\n\n<p><a href=\"https:\/\/bsvdeilinghofen.de\/Neuigkeiten\/wp-content\/uploads\/2025\/06\/Einverstaendniserklaerung.pdf\">Einverst\u00e4ndniserkl\u00e4rung<\/a><\/p>\n<p><b>Anmeldungen und R\u00fcckfragen gerne an die angegebenen Kontaktdaten.<\/b><\/p>\n\n\n\n\n","protected":false},"excerpt":{"rendered":"<p>Jetzt Neu: Eigene Poloshirts\u00a0 \u00a0 Ab sofort: Jugendzug Pin Verkauf Neu! Schie\u00dfanlage mit beweglichen Zielen \u00a0 Baumpflanz Challenge 2025 \u00a0 Gr\u00fcndungsabend \u00a0 \u00a0 \u00a0 \u00a0 \u00a0 \u00a0 Achtung !F\u00fcr das Schie\u00dfen wird eine Einverst\u00e4ndniserkl\u00e4rung der Erziehungsberechtigten ben\u00f6tigt. Bitte diese ausgef\u00fcllt zum Probeschie\u00dfen mitbringen.\u00a0 Einverst\u00e4ndniserkl\u00e4rung Anmeldungen und R\u00fcckfragen gerne an die angegebenen Kontaktdaten.<\/p>\n","protected":false},"author":14,"featured_media":0,"parent":0,"menu_order":0,"comment_status":"closed","ping_status":"closed","template":"","meta":{"footnotes":""},"class_list":["post-4272","page","type-page","status-publish","hentry"],"_links":{"self":[{"href":"https:\/\/bsvdeilinghofen.de\/Neuigkeiten\/wp-json\/wp\/v2\/pages\/4272","targetHints":{"allow":["GET"]}}],"collection":[{"href":"https:\/\/bsvdeilinghofen.de\/Neuigkeiten\/wp-json\/wp\/v2\/pages"}],"about":[{"href":"https:\/\/bsvdeilinghofen.de\/Neuigkeiten\/wp-json\/wp\/v2\/types\/page"}],"author":[{"embeddable":true,"href":"https:\/\/bsvdeilinghofen.de\/Neuigkeiten\/wp-json\/wp\/v2\/users\/14"}],"replies":[{"embeddable":true,"href":"https:\/\/bsvdeilinghofen.de\/Neuigkeiten\/wp-json\/wp\/v2\/comments?post=4272"}],"version-history":[{"count":14,"href":"https:\/\/bsvdeilinghofen.de\/Neuigkeiten\/wp-json\/wp\/v2\/pages\/4272\/revisions"}],"predecessor-version":[{"id":4498,"href":"https:\/\/bsvdeilinghofen.de\/Neuigkeiten\/wp-json\/wp\/v2\/pages\/4272\/revisions\/4498"}],"wp:attachment":[{"href":"https:\/\/bsvdeilinghofen.de\/Neuigkeiten\/wp-json\/wp\/v2\/media?parent=4272"}],"curies":[{"name":"wp","href":"https:\/\/api.w.org\/{rel}","templated":true}]}}