{"id":3983,"date":"2024-03-29T20:35:52","date_gmt":"2024-03-29T19:35:52","guid":{"rendered":"https:\/\/bsvdeilinghofen.de\/?page_id=3983"},"modified":"2024-03-29T20:38:49","modified_gmt":"2024-03-29T19:38:49","slug":"schuetzenfest-im-sauerland-braeuche-und-traditionen","status":"publish","type":"page","link":"https:\/\/bsvdeilinghofen.de\/Neuigkeiten\/schuetzenfest-im-sauerland-braeuche-und-traditionen\/","title":{"rendered":"Sch\u00fctzenfest im Sauerland &#8211; Br\u00e4uche und Traditionen"},"content":{"rendered":"\n\n\n<p><strong>Der Cobbenroder Paul Hufnagel hat ein Buch \u00fcber Sch\u00fctzenfest-Br\u00e4uche im Sauerland ver\u00f6ffentlicht. Es war ihm wichtig, nicht nur die \u00fcblichen Br\u00e4uche aufzuschreiben, sondern auch die Besonderen. Dabei sind viele Br\u00e4uche ans Tageslicht gekommen, die einem ein L\u00e4cheln ins Gesicht zaubern. Da w\u00e4ren z.B. Mondscheinwalzer, M\u00fctzentaufe, Elfentanz, Heringsbegraben, Latschentanz, Thekentauchen, Runkelk\u00f6nig, Schuhekloppen, Malefizgericht und viele mehr. <\/strong><\/p>\n<p><strong> <img loading=\"lazy\" decoding=\"async\" class=\"alignnone wp-image-3984 size-medium\" src=\"https:\/\/bsvdeilinghofen.de\/wp-content\/uploads\/2024\/03\/Buch-vorne-197x300.jpg\" alt=\"\" width=\"197\" height=\"300\" srcset=\"https:\/\/bsvdeilinghofen.de\/Neuigkeiten\/wp-content\/uploads\/2024\/03\/Buch-vorne-197x300.jpg 197w, https:\/\/bsvdeilinghofen.de\/Neuigkeiten\/wp-content\/uploads\/2024\/03\/Buch-vorne-673x1024.jpg 673w, https:\/\/bsvdeilinghofen.de\/Neuigkeiten\/wp-content\/uploads\/2024\/03\/Buch-vorne-768x1168.jpg 768w, https:\/\/bsvdeilinghofen.de\/Neuigkeiten\/wp-content\/uploads\/2024\/03\/Buch-vorne-1010x1536.jpg 1010w, https:\/\/bsvdeilinghofen.de\/Neuigkeiten\/wp-content\/uploads\/2024\/03\/Buch-vorne-1346x2048.jpg 1346w, https:\/\/bsvdeilinghofen.de\/Neuigkeiten\/wp-content\/uploads\/2024\/03\/Buch-vorne-scaled.jpg 1683w\" sizes=\"auto, (max-width: 197px) 100vw, 197px\" \/><\/strong><\/p>\n<p><strong>Das Buch ist 388 Seiten dick, hat die ISBN-Nummer 9783948496760 und einen Softcover-Umschlag,\u00a0 kostet 18,90 \u20ac und ist erh\u00e4ltlich in allen Sauerl\u00e4nder Buchhandlungen und einigen anderen Verkaufssstellen, \u00fcber den WOLL-Verlag + 2,90 \u20ac Versandkosten.<\/strong><\/p>\n<p><strong> <img loading=\"lazy\" decoding=\"async\" class=\"alignnone wp-image-3985 size-medium\" src=\"https:\/\/bsvdeilinghofen.de\/wp-content\/uploads\/2024\/03\/Buch-hinten-192x300.jpg\" alt=\"\" width=\"192\" height=\"300\" srcset=\"https:\/\/bsvdeilinghofen.de\/Neuigkeiten\/wp-content\/uploads\/2024\/03\/Buch-hinten-192x300.jpg 192w, https:\/\/bsvdeilinghofen.de\/Neuigkeiten\/wp-content\/uploads\/2024\/03\/Buch-hinten-655x1024.jpg 655w, https:\/\/bsvdeilinghofen.de\/Neuigkeiten\/wp-content\/uploads\/2024\/03\/Buch-hinten-768x1200.jpg 768w, https:\/\/bsvdeilinghofen.de\/Neuigkeiten\/wp-content\/uploads\/2024\/03\/Buch-hinten-983x1536.jpg 983w, https:\/\/bsvdeilinghofen.de\/Neuigkeiten\/wp-content\/uploads\/2024\/03\/Buch-hinten-1311x2048.jpg 1311w, https:\/\/bsvdeilinghofen.de\/Neuigkeiten\/wp-content\/uploads\/2024\/03\/Buch-hinten-scaled.jpg 1639w\" sizes=\"auto, (max-width: 192px) 100vw, 192px\" \/><\/strong><\/p>\n<p><strong>\u00dcbrigens: Es haben 216 Sauerl\u00e4ndische Sch\u00fctzenvereine, -bruderschaften und -gesellschaften mitgemacht. Inclusive BSV Deilinghofen 1869 e.V. Gef\u00f6rdert wurde das Buch vom LWL und der Krombacher Brauerei.<\/strong><\/p>\n","protected":false},"excerpt":{"rendered":"<p>Der Cobbenroder Paul Hufnagel hat ein Buch \u00fcber Sch\u00fctzenfest-Br\u00e4uche im Sauerland ver\u00f6ffentlicht. Es war ihm wichtig, nicht nur die \u00fcblichen Br\u00e4uche aufzuschreiben, sondern auch die Besonderen. Dabei sind viele Br\u00e4uche ans Tageslicht gekommen, die einem ein L\u00e4cheln ins Gesicht zaubern. Da w\u00e4ren z.B. Mondscheinwalzer, M\u00fctzentaufe, Elfentanz, Heringsbegraben, Latschentanz, Thekentauchen, Runkelk\u00f6nig, Schuhekloppen, Malefizgericht und viele mehr. [&hellip;]<\/p>\n","protected":false},"author":1,"featured_media":0,"parent":0,"menu_order":0,"comment_status":"closed","ping_status":"closed","template":"","meta":{"footnotes":""},"class_list":["post-3983","page","type-page","status-publish","hentry"],"_links":{"self":[{"href":"https:\/\/bsvdeilinghofen.de\/Neuigkeiten\/wp-json\/wp\/v2\/pages\/3983","targetHints":{"allow":["GET"]}}],"collection":[{"href":"https:\/\/bsvdeilinghofen.de\/Neuigkeiten\/wp-json\/wp\/v2\/pages"}],"about":[{"href":"https:\/\/bsvdeilinghofen.de\/Neuigkeiten\/wp-json\/wp\/v2\/types\/page"}],"author":[{"embeddable":true,"href":"https:\/\/bsvdeilinghofen.de\/Neuigkeiten\/wp-json\/wp\/v2\/users\/1"}],"replies":[{"embeddable":true,"href":"https:\/\/bsvdeilinghofen.de\/Neuigkeiten\/wp-json\/wp\/v2\/comments?post=3983"}],"version-history":[{"count":2,"href":"https:\/\/bsvdeilinghofen.de\/Neuigkeiten\/wp-json\/wp\/v2\/pages\/3983\/revisions"}],"predecessor-version":[{"id":3988,"href":"https:\/\/bsvdeilinghofen.de\/Neuigkeiten\/wp-json\/wp\/v2\/pages\/3983\/revisions\/3988"}],"wp:attachment":[{"href":"https:\/\/bsvdeilinghofen.de\/Neuigkeiten\/wp-json\/wp\/v2\/media?parent=3983"}],"curies":[{"name":"wp","href":"https:\/\/api.w.org\/{rel}","templated":true}]}}