{"id":3545,"date":"2023-01-08T00:14:47","date_gmt":"2023-01-07T23:14:47","guid":{"rendered":"https:\/\/bsvdeilinghofen.de\/?page_id=3545"},"modified":"2023-01-08T00:22:08","modified_gmt":"2023-01-07T23:22:08","slug":"die-fuehrung-der-damen","status":"publish","type":"page","link":"https:\/\/bsvdeilinghofen.de\/Neuigkeiten\/die-fuehrung-der-damen\/","title":{"rendered":"Die F\u00fchrung der Damen"},"content":{"rendered":"\n<h3>Heidi Kaparek <img loading=\"lazy\" decoding=\"async\" class=\"size-medium wp-image-3456 alignright\" src=\"https:\/\/bsvdeilinghofen.de\/wp-content\/uploads\/2023\/01\/08-01-Heidi-236x300.jpg\" alt=\"\" width=\"236\" height=\"300\" srcset=\"https:\/\/bsvdeilinghofen.de\/Neuigkeiten\/wp-content\/uploads\/2023\/01\/08-01-Heidi-236x300.jpg 236w, https:\/\/bsvdeilinghofen.de\/Neuigkeiten\/wp-content\/uploads\/2023\/01\/08-01-Heidi-807x1024.jpg 807w, https:\/\/bsvdeilinghofen.de\/Neuigkeiten\/wp-content\/uploads\/2023\/01\/08-01-Heidi-768x974.jpg 768w, https:\/\/bsvdeilinghofen.de\/Neuigkeiten\/wp-content\/uploads\/2023\/01\/08-01-Heidi-1211x1536.jpg 1211w, https:\/\/bsvdeilinghofen.de\/Neuigkeiten\/wp-content\/uploads\/2023\/01\/08-01-Heidi-1614x2048.jpg 1614w, https:\/\/bsvdeilinghofen.de\/Neuigkeiten\/wp-content\/uploads\/2023\/01\/08-01-Heidi-scaled.jpg 2018w\" sizes=\"auto, (max-width: 236px) 100vw, 236px\" \/><\/h3>\n<h3>1972-2004<\/h3>\n<p>Nach der Gr\u00fcndung 1972 waren auch die Frauen auf den Zusammenk\u00fcnften der Kompaniemitglieder stets dabei.\u00a0 Sch\u00fctzenfestumz\u00fcge wurden schon\u00a0 mitgemacht, aber eine einheitliche Kleidung gab es erst 1979.<br \/>Wir fingen 1977 mit dem Schie\u00dfen an und 1978 wurden die ersten Bronzeauszeichnungen vorgenommen. 13\u00a0 Frauen haben diese erhalten. Es gesellten sich nun immer mehr Frauen dazu, so dass wir bald bereits 34 Sch\u00fctzinnen waren. Jeden 3. Freitag im Monat fand das Schie\u00dfen statt. Wir haben diese Schie\u00dfabende genossen,<br \/>die manchmal auch ausgedehnt wurden, auch mal bis nach 24.oo Uhr. Es war immer harmonisch und lustig. Ich wurde dann zum \u201eSpie\u00df\u201c erkoren und man schenkte mir eine Spie\u00df-Pfeife. Um das Gesamtbild zu versch\u00f6nern wurde nun neue gleiche Kleidung angeschafft.<br \/>Wir haben au\u00dferdem Busfahrten organisiert und sonstige Veranstaltungen mit unseren M\u00e4nnern besucht. Bei dem gesamten Ablauf hat Gisela Althaus mir mit Rat und Tat zur Seite gestanden. <br \/>Wir haben unsere Vorstandsarbeit 2004 an Susanne Stindt abgegeben. Es war eine wirklich sch\u00f6ne Zeit, und es hat immer Spa\u00df gemacht.<\/p>\n<h3>Susanne Stindt<img loading=\"lazy\" decoding=\"async\" class=\"size-medium wp-image-3457 alignright\" src=\"https:\/\/bsvdeilinghofen.de\/wp-content\/uploads\/2023\/01\/08-02-Susanne-neu-167x300.jpg\" alt=\"\" width=\"167\" height=\"300\" srcset=\"https:\/\/bsvdeilinghofen.de\/Neuigkeiten\/wp-content\/uploads\/2023\/01\/08-02-Susanne-neu-167x300.jpg 167w, https:\/\/bsvdeilinghofen.de\/Neuigkeiten\/wp-content\/uploads\/2023\/01\/08-02-Susanne-neu.jpg 435w\" sizes=\"auto, (max-width: 167px) 100vw, 167px\" \/><\/h3>\n<h3>2004-2014<\/h3>\n<p>Ich habe die Frauen der 1. Kompanie 2004 von Heidi Kasparek \u00fcbernommen. Unterst\u00fctzt haben mich Brigitte M\u00fcller, Jeannette Stindt, Ingrid Schauhoff und Regina Schimmelschulze. Wir haben jedes Jahr einen Ausflug unternommen. Beispielhaft seien K\u00f6ln, D\u00fcsseldorf, M\u00f6hnesee oder Willingen genannt. Oder es gab eine Wanderung zum Angelteich mit einem Forellenessen abzuschlie\u00dfen. Nicht zu vergessen sind die sch\u00f6nen Weihnachtsfeiern, die wir im Kreis der Frauen erleben durften.\u00a0<br \/>Es war eine sch\u00f6ne Zeit \u2013 mit 50 Sch\u00fctzenschwestern monatlich Schie\u00dfen,<br \/>Ausfl\u00fcge, gemeinsam zum Sch\u00fctzenfest, gleich gekleidet und immer erkennbar.<br \/>2014 habe ich die F\u00fchrung an Martina Trompetter abgegeben.<\/p>\n<h3>Martina Trompetter<img loading=\"lazy\" decoding=\"async\" class=\"size-medium wp-image-3459 alignright\" src=\"https:\/\/bsvdeilinghofen.de\/wp-content\/uploads\/2023\/01\/08-03-Martina-235x300.jpg\" alt=\"\" width=\"235\" height=\"300\" srcset=\"https:\/\/bsvdeilinghofen.de\/Neuigkeiten\/wp-content\/uploads\/2023\/01\/08-03-Martina-235x300.jpg 235w, https:\/\/bsvdeilinghofen.de\/Neuigkeiten\/wp-content\/uploads\/2023\/01\/08-03-Martina-803x1024.jpg 803w, https:\/\/bsvdeilinghofen.de\/Neuigkeiten\/wp-content\/uploads\/2023\/01\/08-03-Martina-768x980.jpg 768w, https:\/\/bsvdeilinghofen.de\/Neuigkeiten\/wp-content\/uploads\/2023\/01\/08-03-Martina-1204x1536.jpg 1204w, https:\/\/bsvdeilinghofen.de\/Neuigkeiten\/wp-content\/uploads\/2023\/01\/08-03-Martina-1605x2048.jpg 1605w, https:\/\/bsvdeilinghofen.de\/Neuigkeiten\/wp-content\/uploads\/2023\/01\/08-03-Martina-scaled.jpg 2007w\" sizes=\"auto, (max-width: 235px) 100vw, 235px\" \/><\/h3>\n<h3>2014-2021<\/h3>\n<p>Seit 2014 habe ich das Amt der 1. Dame der Deilinghofer Frauen von Susanne Stindt \u00fcbernommen. Es waren gro\u00dfe Fu\u00dfstapfen und eine riesige\u00a0 Herausforderung f\u00fcr mich und meine lieben Freundinnen Andrea und Monika. Doch mit ihrer Unterst\u00fctzung ist es, so glaube ich, gut gelungen. W\u00e4hrend unserer Zeit haben wir so einiges lustige erlebt. So w\u00e4re zum Beispiel unsere Fahrt zum M\u00f6hnesee erw\u00e4hnenswert, wo wir eine Spa\u00dfolympiade,<br \/>unter anderem mit Bogenschie\u00dfen, Geschicklichkeitsspielen und einem<br \/>riesigen Holz-Puzzle zu bew\u00e4ltigen hatten. Wir feierten Weihnachten in Balve, gingen Bosseln im Panzergel\u00e4nde, fuhren B\u00f6tchen auf der Bigge, spielten Bingo und hatten bei jeder unserer Schie\u00dfveranstaltungen am jeweils dritten Freitag im Monat viel Grund zu lachen.<br \/>Ebenso haben wir uns mit der Pflanzung eines jungen Feld-Ahorns am Rande der \u201eK\u00f6nigsallee\u201c ein kleines Denkmal gesetzt. Der \u201eMr.Platzreinigen\u201c ist aus einer unserer Schnapsideen geboren und seine<br \/>Wahl erfreut sich beim \u201ePlatzaufr\u00e4umen\u201c nach wie vor gro\u00dfer Beliebtheit.<br \/>Gerne denke ich (wirklich!) an stundenlanges Brainstorming und Suchen nach geeigneten Orden und Weihnachtsgeschenken zur\u00fcck, obwohl trotz allergr\u00f6\u00dfter M\u00fche bestimmt auch mal ein Flop dabei war \ud83d\ude09 Traurig erinnere ich mich an liebe Sch\u00fctzenschwestern, die nicht mehr unter uns sind aber vielen unvergessen bleiben werden. F\u00fcr die Zukunft w\u00fcnsche ich der 1.Kompanie des BSV Deilinghofen und, man m\u00f6ge es mir nachsehen, ganz besonders \u201emeinen\u201c lieben Damen alles Gute und bleibt immer<br \/>sch\u00f6n gesund.\u00a0<br \/>Auf die n\u00e4chsten 50 Jahre!<br \/>Ich gratuliere herzlich und mit einer Tr\u00e4ne<br \/>im Knopfloch mit einem dreifach donnernden<br \/>HORRIDO HORRIDO HORRIDO<br \/>Eure Martina<\/p>\n<h3>Petra Isenberg<img loading=\"lazy\" decoding=\"async\" class=\"size-medium wp-image-3460 alignright\" src=\"https:\/\/bsvdeilinghofen.de\/wp-content\/uploads\/2023\/01\/08-04-Petra-212x300.jpg\" alt=\"\" width=\"212\" height=\"300\" srcset=\"https:\/\/bsvdeilinghofen.de\/Neuigkeiten\/wp-content\/uploads\/2023\/01\/08-04-Petra-212x300.jpg 212w, https:\/\/bsvdeilinghofen.de\/Neuigkeiten\/wp-content\/uploads\/2023\/01\/08-04-Petra-722x1024.jpg 722w, https:\/\/bsvdeilinghofen.de\/Neuigkeiten\/wp-content\/uploads\/2023\/01\/08-04-Petra-768x1089.jpg 768w, https:\/\/bsvdeilinghofen.de\/Neuigkeiten\/wp-content\/uploads\/2023\/01\/08-04-Petra.jpg 799w\" sizes=\"auto, (max-width: 212px) 100vw, 212px\" \/><\/h3>\n<h3>seit 2021<\/h3>\n<p>Im August 2021 hat man mich zur neuen<br \/>,,Chefin\u201c der 1. Kompanie\/Damenabteilung<br \/>gew\u00e4hlt. Ich freue mich \u00fcber diese Aufgabe, die ich zusammen mit meiner Schw\u00e4gerin Monika lsenberg aus\u00fcbe. Leider wurden wir durch die Corona Pandemie immer wieder ausgebremst. So mussten wir unsere Weihnachtsfeier absagen und auch einige\u00a0 Schiessabende. Ich w\u00fcnsche mir, dass wir zuk\u00fcnftig ohne Einschr\u00e4nkungen und Regeln unser Sch\u00fctzenleben weiterf\u00fchren k\u00f6nnen. Die 1. Kompanie Damenabteilung umfasst z. Z. 43 Frauen. Unser Schie\u00dfabend findet wie eh und je, an jedem 3. Freitag im Monat statt.\u00a0<br \/>Jede Dame, die Interesse und Spa\u00df am Sch\u00fctzenvereinsleben hat, ist bei uns<br \/>herzlich willkommen. Kommt einfach vorbei und schnuppert mal rein!<\/p>\n<p><img loading=\"lazy\" decoding=\"async\" class=\"size-medium wp-image-3466\" src=\"https:\/\/bsvdeilinghofen.de\/wp-content\/uploads\/2023\/01\/09-05-Damen-300x190.jpg\" alt=\"\" width=\"300\" height=\"190\" srcset=\"https:\/\/bsvdeilinghofen.de\/Neuigkeiten\/wp-content\/uploads\/2023\/01\/09-05-Damen-300x190.jpg 300w, https:\/\/bsvdeilinghofen.de\/Neuigkeiten\/wp-content\/uploads\/2023\/01\/09-05-Damen-1024x647.jpg 1024w, https:\/\/bsvdeilinghofen.de\/Neuigkeiten\/wp-content\/uploads\/2023\/01\/09-05-Damen-768x485.jpg 768w, https:\/\/bsvdeilinghofen.de\/Neuigkeiten\/wp-content\/uploads\/2023\/01\/09-05-Damen-1536x970.jpg 1536w, https:\/\/bsvdeilinghofen.de\/Neuigkeiten\/wp-content\/uploads\/2023\/01\/09-05-Damen-2048x1294.jpg 2048w\" sizes=\"auto, (max-width: 300px) 100vw, 300px\" \/><\/p>\n<p><img loading=\"lazy\" decoding=\"async\" class=\"size-medium wp-image-3470 aligncenter\" src=\"https:\/\/bsvdeilinghofen.de\/wp-content\/uploads\/2023\/01\/09-09-Damen-300x200.jpg\" alt=\"\" width=\"300\" height=\"200\" srcset=\"https:\/\/bsvdeilinghofen.de\/Neuigkeiten\/wp-content\/uploads\/2023\/01\/09-09-Damen-300x200.jpg 300w, https:\/\/bsvdeilinghofen.de\/Neuigkeiten\/wp-content\/uploads\/2023\/01\/09-09-Damen-768x511.jpg 768w, https:\/\/bsvdeilinghofen.de\/Neuigkeiten\/wp-content\/uploads\/2023\/01\/09-09-Damen.jpg 940w\" sizes=\"auto, (max-width: 300px) 100vw, 300px\" \/> <img loading=\"lazy\" decoding=\"async\" class=\"size-medium wp-image-3471 alignright\" src=\"https:\/\/bsvdeilinghofen.de\/wp-content\/uploads\/2023\/01\/09-10-Damen-300x153.jpg\" alt=\"\" width=\"300\" height=\"153\" srcset=\"https:\/\/bsvdeilinghofen.de\/Neuigkeiten\/wp-content\/uploads\/2023\/01\/09-10-Damen-300x153.jpg 300w, https:\/\/bsvdeilinghofen.de\/Neuigkeiten\/wp-content\/uploads\/2023\/01\/09-10-Damen-1024x523.jpg 1024w, https:\/\/bsvdeilinghofen.de\/Neuigkeiten\/wp-content\/uploads\/2023\/01\/09-10-Damen-768x392.jpg 768w, https:\/\/bsvdeilinghofen.de\/Neuigkeiten\/wp-content\/uploads\/2023\/01\/09-10-Damen-1536x784.jpg 1536w, https:\/\/bsvdeilinghofen.de\/Neuigkeiten\/wp-content\/uploads\/2023\/01\/09-10-Damen-2048x1045.jpg 2048w\" sizes=\"auto, (max-width: 300px) 100vw, 300px\" \/> <img loading=\"lazy\" decoding=\"async\" class=\"size-medium wp-image-3468 aligncenter\" src=\"https:\/\/bsvdeilinghofen.de\/wp-content\/uploads\/2023\/01\/09-07-Damen-300x200.jpg\" alt=\"\" width=\"300\" height=\"200\" srcset=\"https:\/\/bsvdeilinghofen.de\/Neuigkeiten\/wp-content\/uploads\/2023\/01\/09-07-Damen-300x200.jpg 300w, https:\/\/bsvdeilinghofen.de\/Neuigkeiten\/wp-content\/uploads\/2023\/01\/09-07-Damen-768x511.jpg 768w, https:\/\/bsvdeilinghofen.de\/Neuigkeiten\/wp-content\/uploads\/2023\/01\/09-07-Damen.jpg 940w\" sizes=\"auto, (max-width: 300px) 100vw, 300px\" \/> <img loading=\"lazy\" decoding=\"async\" class=\"size-medium wp-image-3469 alignleft\" src=\"https:\/\/bsvdeilinghofen.de\/wp-content\/uploads\/2023\/01\/09-08-Damen-300x200.jpg\" alt=\"\" width=\"300\" height=\"200\" srcset=\"https:\/\/bsvdeilinghofen.de\/Neuigkeiten\/wp-content\/uploads\/2023\/01\/09-08-Damen-300x200.jpg 300w, https:\/\/bsvdeilinghofen.de\/Neuigkeiten\/wp-content\/uploads\/2023\/01\/09-08-Damen-768x511.jpg 768w, https:\/\/bsvdeilinghofen.de\/Neuigkeiten\/wp-content\/uploads\/2023\/01\/09-08-Damen.jpg 940w\" sizes=\"auto, (max-width: 300px) 100vw, 300px\" \/><\/p>\n<p><img loading=\"lazy\" decoding=\"async\" class=\"wp-image-3467 size-medium aligncenter\" src=\"https:\/\/bsvdeilinghofen.de\/wp-content\/uploads\/2023\/01\/09-06-Damen-300x171.jpg\" alt=\"\" width=\"300\" height=\"171\" srcset=\"https:\/\/bsvdeilinghofen.de\/Neuigkeiten\/wp-content\/uploads\/2023\/01\/09-06-Damen-300x171.jpg 300w, https:\/\/bsvdeilinghofen.de\/Neuigkeiten\/wp-content\/uploads\/2023\/01\/09-06-Damen-1024x585.jpg 1024w, https:\/\/bsvdeilinghofen.de\/Neuigkeiten\/wp-content\/uploads\/2023\/01\/09-06-Damen-768x439.jpg 768w, https:\/\/bsvdeilinghofen.de\/Neuigkeiten\/wp-content\/uploads\/2023\/01\/09-06-Damen-1536x878.jpg 1536w, https:\/\/bsvdeilinghofen.de\/Neuigkeiten\/wp-content\/uploads\/2023\/01\/09-06-Damen-2048x1170.jpg 2048w\" sizes=\"auto, (max-width: 300px) 100vw, 300px\" \/><\/p>\n<p><img loading=\"lazy\" decoding=\"async\" class=\"wp-image-3465 size-medium alignright\" src=\"https:\/\/bsvdeilinghofen.de\/wp-content\/uploads\/2023\/01\/09-04-Damen-300x186.jpg\" alt=\"\" width=\"300\" height=\"186\" srcset=\"https:\/\/bsvdeilinghofen.de\/Neuigkeiten\/wp-content\/uploads\/2023\/01\/09-04-Damen-300x186.jpg 300w, https:\/\/bsvdeilinghofen.de\/Neuigkeiten\/wp-content\/uploads\/2023\/01\/09-04-Damen-1024x633.jpg 1024w, https:\/\/bsvdeilinghofen.de\/Neuigkeiten\/wp-content\/uploads\/2023\/01\/09-04-Damen-768x475.jpg 768w, https:\/\/bsvdeilinghofen.de\/Neuigkeiten\/wp-content\/uploads\/2023\/01\/09-04-Damen-1536x950.jpg 1536w, https:\/\/bsvdeilinghofen.de\/Neuigkeiten\/wp-content\/uploads\/2023\/01\/09-04-Damen-2048x1267.jpg 2048w\" sizes=\"auto, (max-width: 300px) 100vw, 300px\" \/><\/p>\n<p><img loading=\"lazy\" decoding=\"async\" class=\"wp-image-3464 size-medium aligncenter\" src=\"https:\/\/bsvdeilinghofen.de\/wp-content\/uploads\/2023\/01\/09-03-Damen-300x176.jpg\" alt=\"\" width=\"300\" height=\"176\" srcset=\"https:\/\/bsvdeilinghofen.de\/Neuigkeiten\/wp-content\/uploads\/2023\/01\/09-03-Damen-300x176.jpg 300w, https:\/\/bsvdeilinghofen.de\/Neuigkeiten\/wp-content\/uploads\/2023\/01\/09-03-Damen-1024x601.jpg 1024w, https:\/\/bsvdeilinghofen.de\/Neuigkeiten\/wp-content\/uploads\/2023\/01\/09-03-Damen-768x451.jpg 768w, https:\/\/bsvdeilinghofen.de\/Neuigkeiten\/wp-content\/uploads\/2023\/01\/09-03-Damen-1536x902.jpg 1536w, https:\/\/bsvdeilinghofen.de\/Neuigkeiten\/wp-content\/uploads\/2023\/01\/09-03-Damen-2048x1202.jpg 2048w\" sizes=\"auto, (max-width: 300px) 100vw, 300px\" \/><\/p>\n<p><img loading=\"lazy\" decoding=\"async\" class=\"alignleft wp-image-3463 size-medium\" src=\"https:\/\/bsvdeilinghofen.de\/wp-content\/uploads\/2023\/01\/09-02-Damen-300x217.jpg\" alt=\"\" width=\"300\" height=\"217\" srcset=\"https:\/\/bsvdeilinghofen.de\/Neuigkeiten\/wp-content\/uploads\/2023\/01\/09-02-Damen-300x217.jpg 300w, https:\/\/bsvdeilinghofen.de\/Neuigkeiten\/wp-content\/uploads\/2023\/01\/09-02-Damen-1024x741.jpg 1024w, https:\/\/bsvdeilinghofen.de\/Neuigkeiten\/wp-content\/uploads\/2023\/01\/09-02-Damen-768x556.jpg 768w, https:\/\/bsvdeilinghofen.de\/Neuigkeiten\/wp-content\/uploads\/2023\/01\/09-02-Damen-1536x1112.jpg 1536w, https:\/\/bsvdeilinghofen.de\/Neuigkeiten\/wp-content\/uploads\/2023\/01\/09-02-Damen-2048x1482.jpg 2048w\" sizes=\"auto, (max-width: 300px) 100vw, 300px\" \/><\/p>\n<p><img loading=\"lazy\" decoding=\"async\" class=\"alignright wp-image-3462 size-medium\" src=\"https:\/\/bsvdeilinghofen.de\/wp-content\/uploads\/2023\/01\/09-01-Damen-300x203.jpg\" alt=\"\" width=\"300\" height=\"203\" srcset=\"https:\/\/bsvdeilinghofen.de\/Neuigkeiten\/wp-content\/uploads\/2023\/01\/09-01-Damen-300x203.jpg 300w, https:\/\/bsvdeilinghofen.de\/Neuigkeiten\/wp-content\/uploads\/2023\/01\/09-01-Damen-1024x693.jpg 1024w, https:\/\/bsvdeilinghofen.de\/Neuigkeiten\/wp-content\/uploads\/2023\/01\/09-01-Damen-768x520.jpg 768w, https:\/\/bsvdeilinghofen.de\/Neuigkeiten\/wp-content\/uploads\/2023\/01\/09-01-Damen-1536x1039.jpg 1536w, https:\/\/bsvdeilinghofen.de\/Neuigkeiten\/wp-content\/uploads\/2023\/01\/09-01-Damen-2048x1386.jpg 2048w\" sizes=\"auto, (max-width: 300px) 100vw, 300px\" \/><\/p>\n<p><img loading=\"lazy\" decoding=\"async\" class=\"size-medium wp-image-3461 aligncenter\" src=\"https:\/\/bsvdeilinghofen.de\/wp-content\/uploads\/2023\/01\/09-01-Damen-neu-300x200.jpg\" alt=\"\" width=\"300\" height=\"200\" srcset=\"https:\/\/bsvdeilinghofen.de\/Neuigkeiten\/wp-content\/uploads\/2023\/01\/09-01-Damen-neu-300x200.jpg 300w, https:\/\/bsvdeilinghofen.de\/Neuigkeiten\/wp-content\/uploads\/2023\/01\/09-01-Damen-neu-1024x683.jpg 1024w, https:\/\/bsvdeilinghofen.de\/Neuigkeiten\/wp-content\/uploads\/2023\/01\/09-01-Damen-neu-768x512.jpg 768w, https:\/\/bsvdeilinghofen.de\/Neuigkeiten\/wp-content\/uploads\/2023\/01\/09-01-Damen-neu.jpg 1500w\" sizes=\"auto, (max-width: 300px) 100vw, 300px\" \/><\/p>\n","protected":false},"excerpt":{"rendered":"<p>Heidi Kaparek 1972-2004 Nach der Gr\u00fcndung 1972 waren auch die Frauen auf den Zusammenk\u00fcnften der Kompaniemitglieder stets dabei.\u00a0 Sch\u00fctzenfestumz\u00fcge wurden schon\u00a0 mitgemacht, aber eine einheitliche Kleidung gab es erst 1979.Wir fingen 1977 mit dem Schie\u00dfen an und 1978 wurden die ersten Bronzeauszeichnungen vorgenommen. 13\u00a0 Frauen haben diese erhalten. Es gesellten sich nun immer mehr Frauen [&hellip;]<\/p>\n","protected":false},"author":4,"featured_media":0,"parent":0,"menu_order":0,"comment_status":"closed","ping_status":"closed","template":"","meta":{"footnotes":""},"class_list":["post-3545","page","type-page","status-publish","hentry"],"_links":{"self":[{"href":"https:\/\/bsvdeilinghofen.de\/Neuigkeiten\/wp-json\/wp\/v2\/pages\/3545","targetHints":{"allow":["GET"]}}],"collection":[{"href":"https:\/\/bsvdeilinghofen.de\/Neuigkeiten\/wp-json\/wp\/v2\/pages"}],"about":[{"href":"https:\/\/bsvdeilinghofen.de\/Neuigkeiten\/wp-json\/wp\/v2\/types\/page"}],"author":[{"embeddable":true,"href":"https:\/\/bsvdeilinghofen.de\/Neuigkeiten\/wp-json\/wp\/v2\/users\/4"}],"replies":[{"embeddable":true,"href":"https:\/\/bsvdeilinghofen.de\/Neuigkeiten\/wp-json\/wp\/v2\/comments?post=3545"}],"version-history":[{"count":4,"href":"https:\/\/bsvdeilinghofen.de\/Neuigkeiten\/wp-json\/wp\/v2\/pages\/3545\/revisions"}],"predecessor-version":[{"id":3553,"href":"https:\/\/bsvdeilinghofen.de\/Neuigkeiten\/wp-json\/wp\/v2\/pages\/3545\/revisions\/3553"}],"wp:attachment":[{"href":"https:\/\/bsvdeilinghofen.de\/Neuigkeiten\/wp-json\/wp\/v2\/media?parent=3545"}],"curies":[{"name":"wp","href":"https:\/\/api.w.org\/{rel}","templated":true}]}}