{"id":2646,"date":"2018-12-12T06:39:59","date_gmt":"2018-12-12T05:39:59","guid":{"rendered":"https:\/\/bsvdeilinghofen.de\/Neuigkeiten\/?page_id=2646"},"modified":"2025-06-04T22:50:15","modified_gmt":"2025-06-04T20:50:15","slug":"datenschutzerklaerung","status":"publish","type":"page","link":"https:\/\/bsvdeilinghofen.de\/Neuigkeiten\/datenschutzerklaerung\/","title":{"rendered":"Datenschutzerkl\u00e4rung"},"content":{"rendered":"<p>Datenschutzerkl\u00e4rung<\/p>\n<p><strong>\u00a7 1 Information \u00fcber die Erhebung personenbezogener Daten<\/strong><\/p>\n<p>(1) Im Folgenden informieren wir \u00fcber die Erhebung personenbezogener Daten bei Nutzung<br \/>\nunserer Website. Personenbezogene Daten sind alle Daten, die auf Sie pers\u00f6nlich beziehbar sind,<br \/>\nz. B. Name, Adresse, E-Mail-Adressen, Nutzerverhalten.<br \/>\n(2) Name und Kontaktdaten des Verantwortlicher gem. Art.4 Abs. 7 EU-Datenschutz-<br \/>\nGrundverordnung (DS-GVO): B\u00fcrger-Sch\u00fctzen-Verein 1869 Deilinghofen e.V., Balver Weg 33,<br \/>\n58675 Hemer, gesetzlich vertreten durch den Vorstand nach \u00a7 26 BGB, Karl-Friedrich Ebe<br \/>\n(siehe unser Impressum).<br \/>\n(3) Wir sind nicht zur Bestellung eines Datenschutzbeauftragten verpflichtet, weil weniger als<br \/>\n10 Personen mit der Verarbeitung personenbezogener Daten befasst sind. Weitergehende Informationen<br \/>\nund Anfragen richten Sie bitte an den Verantwortlichen.<br \/>\n(4) Wenn Sie uns per E-Mail oder \u00fcber ein Formular kontaktieren, speichern wir die von Ihnen<br \/>\nmitgeteilten Daten (Ihre E-Mail-Adresse, ggf. Ihr Name und Ihre Telefonnummer), um Ihre Fragen<br \/>\nzu beantworten. Die dabei anfallenden Daten l\u00f6schen wir, sobald die Speicherung nicht<br \/>\nmehr erforderlich ist, oder schr\u00e4nken die Verarbeitung ein, falls gesetzliche Aufbewahrungspflichten<br \/>\nbestehen.<br \/>\n(5) Falls wir f\u00fcr einzelne Funktionen unseres Angebots auf beauftragte Dienstleister zur\u00fcckgreifen<br \/>\noder Ihre Daten f\u00fcr werbliche Zwecke nutzen m\u00f6chten, werden wir Sie detailliert \u00fcber die<br \/>\njeweiligen Vorg\u00e4nge informieren. Dabei nennen wir auch die festgelegten Kriterien der Speicherdauer.<\/p>\n<p><strong>\u00a7 2 Ihre Rechte<\/strong><\/p>\n<p>(1) Sie haben uns gegen\u00fcber folgende Rechte hinsichtlich der Sie betreffenden personenbezogenen<br \/>\nDaten:<br \/>\n&#8211; Recht auf Auskunft, Art. 15 DS-GVO<br \/>\n&#8211; Recht auf Berichtigung oder L\u00f6schung, Art. 16, 17 DS-GVO<br \/>\n&#8211; Recht auf Einschr\u00e4nkung der Verarbeitung, Art. 18 DS-GVO<br \/>\n&#8211; Recht auf Widerspruch gegen die Verarbeitung, Art. 21 DS-GVO<br \/>\n&#8211; Recht auf Daten\u00fcbertragbarkeit, Art. 20 DS-GVO<br \/>\n(2) Sie haben zudem das Recht, sich bei einer Datenschutz-Aufsichtsbeh\u00f6rde \u00fcber unsere Verarbeitung<br \/>\nIhrer personenbezogenen Daten zu beschweren.<\/p>\n<p><strong>\u00a7 3 Erhebung personenbezogener Daten bei Besuch unserer Website<\/strong><\/p>\n<p>(1) Bei der blo\u00df informatorischen Nutzung der Website (also wenn Sie sich nicht registrieren<br \/>\noder uns anderweitig Informationen \u00fcbermitteln) erheben wir nur die personenbezogenen Daten,<br \/>\ndie Ihr Browser an unseren Server \u00fcbermittelt. Wenn Sie unsere Website betrachten m\u00f6chten,<br \/>\nerheben wir die folgenden Daten, die f\u00fcr uns technisch erforderlich sind, um Ihnen unsere<br \/>\nWebsite anzuzeigen und deren Stabilit\u00e4t und Sicherheit zu gew\u00e4hrleisten (Rechtsgrundlage ist<br \/>\nArt. 6 Abs. 1 S. 1 lit. f DS-GVO):<br \/>\n&#8211; IP-Adresse,<br \/>\n&#8211; Datum und Uhrzeit der Anfrage,<br \/>\n&#8211; Zeitzonendifferenz zur Greenwich Mean Time (GMT),<br \/>\n&#8211; Inhalt der Anforderung (konkrete Seite),<br \/>\n&#8211; Zugriffsstatus\/HTTP-Statuscode,<br \/>\n&#8211; jeweils \u00fcbertragene Datenmenge,<br \/>\n&#8211; Website, von der die Anforderung kommt,<br \/>\n&#8211; Browser,<br \/>\n&#8211; Betriebssystem und dessen Oberfl\u00e4che<br \/>\n&#8211; Sprache und Version der Browsersoftware.<br \/>\n(2) Zus\u00e4tzlich zu den zuvor genannten Daten werden Cookies auf Ihrem Rechner gespeichert,<br \/>\nwenn Sie unsere Webseite nutzen. Cookies sind kleine Textdateien, die auf Ihrer Festplatte dem<br \/>\nvon Ihnen verwendeten Browser zugeordnet gespeichert werden. Dadurch flie\u00dfen der Stelle, die<br \/>\nden Cookie setzt (hier uns), bestimmte Informationen zu. Cookies k\u00f6nnen keine Programme<br \/>\nausf\u00fchren oder Viren auf Ihren Computer \u00fcbertragen. Sie dienen dazu, das Internetangebot insgesamt<br \/>\nnutzerfreundlicher und effektiver zu machen.<br \/>\n(3) Einsatz von Cookies:<br \/>\na) Diese Website nutzt folgende Arten von Cookies, deren Umfang und Funktionsweise im<br \/>\nFolgenden erl\u00e4utert werden:<br \/>\n&#8211; Transiente Cookies (dazu b),<br \/>\n&#8211; Persistente Cookies (dazu c).<br \/>\nb) Transiente Cookies werden automatisiert gel\u00f6scht, wenn Sie den Browser schlie\u00dfen. Dazu<br \/>\nz\u00e4hlen insbesondere die Session-Cookies. Diese speichern eine sogenannte Session-ID, mit<br \/>\nwelcher sich verschiedene Anfragen Ihres Browsers der gemeinsamen Sitzung zuordnen<br \/>\nlassen. Dadurch kann Ihr Rechner wiedererkannt werden, wenn Sie auf unsere Website<br \/>\nzur\u00fcckkehren. Die Session-Cookies werden gel\u00f6scht, wenn Sie sich ausloggen oder den<br \/>\nBrowser schlie\u00dfen.<br \/>\nc) Persistente Cookies werden automatisiert nach einer vorgegebenen Dauer gel\u00f6scht, die<br \/>\nsich je nach Cookie unterscheiden kann. Sie k\u00f6nnen die Cookies in den Sicherheitseinstellungen<br \/>\nIhres Browsers jederzeit l\u00f6schen.<br \/>\nd) Sie k\u00f6nnen Ihre Browser-Einstellung entsprechend Ihren W\u00fcnschen konfigurieren und z.<br \/>\nB. die Annahme von Third-Party-Cookies oder allen Cookies ablehnen. Wir weisen Sie darauf<br \/>\nhin, dass Sie eventuell nicht alle Funktionen dieser Website nutzen k\u00f6nnen.<br \/>\ne) [Wir setzen Cookies ein, um Sie f\u00fcr Folgebesuche identifizieren zu k\u00f6nnen, falls Sie \u00fcber<br \/>\neinen Account bei uns verf\u00fcgen. Andernfalls m\u00fcssten Sie sich f\u00fcr jeden Besuch erneut einloggen.]<br \/>\nf) [Die genutzten Flash-Cookies werden nicht durch Ihren Browser erfasst, sondern durch<br \/>\nIhr Flash-Plug-In. Weiterhin nutzen wir HTML5 storage objects, die auf Ihrem Endger\u00e4t<br \/>\nabgelegt werden. Diese Objekte speichern die erforderlichen Daten unabh\u00e4ngig von Ihrem<br \/>\nverwendeten Browser und haben kein automatisches Ablaufdatum. Wenn Sie keine Verarbeitung<br \/>\nder Flash-Cookies w\u00fcnschen, m\u00fcssen Sie ein entsprechendes Add-On installieren,<br \/>\nz. B. \u201eBetter Privacy\u201c f\u00fcr Mozilla Firefox<br \/>\n(https:\/\/addons.mozilla.org\/de\/firefox\/addon\/betterprivacy\/) oder das Adobe-Flash-<br \/>\nKiller-Cookie f\u00fcr Google Chrome. Die Nutzung von HTML5 storage objects k\u00f6nnen Sie verhindern,<br \/>\nindem Sie in Ihrem Browser den privaten Modus einsetzen. Zudem empfehlen<br \/>\nwir, regelm\u00e4\u00dfig Ihre Cookies und den Browser-Verlauf manuell zu l\u00f6schen.]<\/p>\n<p><strong>\u00a7 4 Widerspruch oder Widerruf gegen die Verarbeitung Ihrer Date<\/strong>n<\/p>\n<p>(1) Falls Sie eine Einwilligung zur Verarbeitung Ihrer Daten erteilt haben, k\u00f6nnen Sie diese jederzeit<br \/>\nwiderrufen. Ein Widerruf der Einwilligung beeinflusst die Zul\u00e4ssigkeit der Verarbeitung<br \/>\nIhrer personenbezogenen Daten.<br \/>\n(2) Soweit wir die Verarbeitung Ihrer personenbezogenen Daten auf die Interessenabw\u00e4gung<br \/>\nst\u00fctzen, k\u00f6nnen Sie Widerspruch gegen die Verarbeitung einlegen. Dies ist der Fall, wenn die<br \/>\nVerarbeitung insbesondere nicht zur Erf\u00fcllung eines Vertrags mit Ihnen erforderlich ist, was von<br \/>\nuns jeweils bei der nachfolgenden Beschreibung der Funktionen dargestellt wird. Bei Aus\u00fcbung<br \/>\neines solchen Widerspruchs bitten wir um Darlegung der Gr\u00fcnde, weshalb wir Ihre personenbezogenen<br \/>\nDaten nicht wie von uns durchgef\u00fchrt verarbeiten sollten. Im Falle Ihres begr\u00fcndeten<br \/>\nWiderspruchs pr\u00fcfen wir die Sachlage und werden entweder die Datenverarbeitung einstellen<br \/>\nbzw. anpassen oder Ihnen unsere zwingenden schutzw\u00fcrdigen Gr\u00fcnde aufzeigen, aufgrund derer<br \/>\nwir die Verarbeitung fortf\u00fchren.<br \/>\n(3) Selbstverst\u00e4ndlich k\u00f6nnen Sie der Verarbeitung Ihrer personenbezogenen Daten f\u00fcr Zwecke<br \/>\nder Werbung und Datenanalyse jederzeit widersprechen. \u00dcber Ihren Werbewiderspruch k\u00f6nnen<br \/>\nSie uns unter folgenden Kontaktdaten informieren:<br \/>\nB\u00fcrger-Sch\u00fctzen-Verein 1869 Deilinghofen e.V.<br \/>\nBalver Weg 33<br \/>\n58675 Hemer<br \/>\nTelefon: 02372 62510<br \/>\nE-Mail: kontakt@bsvdeilinghofen.de<\/p>\n<p><strong>\u00a7 5 Allgemeine Hinweise<\/strong><\/p>\n<p>SSL- bzw. TLS-Verschl\u00fcsselung<br \/>\nDiese Seite nutzt aus Sicherheitsgr\u00fcnden und zum Schutz der \u00dcbertragung vertraulicher Inhalte,<br \/>\nwie zum Beispiel Bestellungen oder Anfragen, die Sie an uns als Seitenbetreiber senden, eine<br \/>\nSSL-bzw. TLS-Verschl\u00fcsselung. Eine verschl\u00fcsselte Verbindung erkennen Sie daran, dass die<br \/>\nAdresszeile des Browsers von \u201chttp:\/\/\u201d auf \u201chttps:\/\/\u201d wechselt und an dem Schloss-Symbol in<br \/>\nIhrer Browserzeile.<br \/>\nWenn die SSL- bzw. TLS-Verschl\u00fcsselung aktiviert ist, k\u00f6nnen die Daten, die Sie an uns \u00fcbermitteln,<br \/>\nnicht von Dritten mitgelesen werden.<\/p>\n","protected":false},"excerpt":{"rendered":"<p>Datenschutzerkl\u00e4rung \u00a7 1 Information \u00fcber die Erhebung personenbezogener Daten (1) Im Folgenden informieren wir \u00fcber die Erhebung personenbezogener Daten bei Nutzung unserer Website. Personenbezogene Daten sind alle Daten, die auf Sie pers\u00f6nlich beziehbar sind, z. B. Name, Adresse, E-Mail-Adressen, Nutzerverhalten. (2) Name und Kontaktdaten des Verantwortlicher gem. Art.4 Abs. 7 EU-Datenschutz- Grundverordnung (DS-GVO): B\u00fcrger-Sch\u00fctzen-Verein 1869 [&hellip;]<\/p>\n","protected":false},"author":4,"featured_media":0,"parent":0,"menu_order":0,"comment_status":"closed","ping_status":"closed","template":"page-full-width.php","meta":{"footnotes":""},"class_list":["post-2646","page","type-page","status-publish","hentry"],"_links":{"self":[{"href":"https:\/\/bsvdeilinghofen.de\/Neuigkeiten\/wp-json\/wp\/v2\/pages\/2646","targetHints":{"allow":["GET"]}}],"collection":[{"href":"https:\/\/bsvdeilinghofen.de\/Neuigkeiten\/wp-json\/wp\/v2\/pages"}],"about":[{"href":"https:\/\/bsvdeilinghofen.de\/Neuigkeiten\/wp-json\/wp\/v2\/types\/page"}],"author":[{"embeddable":true,"href":"https:\/\/bsvdeilinghofen.de\/Neuigkeiten\/wp-json\/wp\/v2\/users\/4"}],"replies":[{"embeddable":true,"href":"https:\/\/bsvdeilinghofen.de\/Neuigkeiten\/wp-json\/wp\/v2\/comments?post=2646"}],"version-history":[{"count":2,"href":"https:\/\/bsvdeilinghofen.de\/Neuigkeiten\/wp-json\/wp\/v2\/pages\/2646\/revisions"}],"predecessor-version":[{"id":4334,"href":"https:\/\/bsvdeilinghofen.de\/Neuigkeiten\/wp-json\/wp\/v2\/pages\/2646\/revisions\/4334"}],"wp:attachment":[{"href":"https:\/\/bsvdeilinghofen.de\/Neuigkeiten\/wp-json\/wp\/v2\/media?parent=2646"}],"curies":[{"name":"wp","href":"https:\/\/api.w.org\/{rel}","templated":true}]}}