{"id":2561,"date":"2023-05-08T17:40:00","date_gmt":"2023-05-08T15:40:00","guid":{"rendered":"http:\/\/bsvdeilinghofen.de\/Neuigkeiten\/?page_id=2561"},"modified":"2026-01-21T18:21:36","modified_gmt":"2026-01-21T17:21:36","slug":"alte-schuetzenfestfilme","status":"publish","type":"page","link":"https:\/\/bsvdeilinghofen.de\/Neuigkeiten\/alte-schuetzenfestfilme\/","title":{"rendered":"Alte Sch\u00fctzenfestfilme"},"content":{"rendered":"\n\n\n<table style=\"border-collapse: collapse; width: 100%; height: 253px;\">\n<tbody>\n<tr style=\"height: 23px;\">\n<td style=\"width: 100%; height: 23px;\">\n<h4><a href=\"https:\/\/1drv.ms\/v\/s!AmUvGHj75QO6gXwagvyddjUHrr9N?e=p3kSIj\">Sch\u00fctzenfest Deilinghofen 1954<\/a><\/h4>\n<\/td>\n<\/tr>\n<tr style=\"height: 23px;\">\n<td style=\"width: 100%; height: 23px;\">\n<h4><a href=\"https:\/\/1drv.ms\/v\/s!AmUvGHj75QO6gX1BgqY6sqbzgJWi?e=v4aZc9\">Sch\u00fctzenfest Deilinghofen 1956 Teil 1<\/a><\/h4>\n<\/td>\n<\/tr>\n<tr style=\"height: 23px;\">\n<td style=\"width: 100%; height: 23px;\">\n<h4><a href=\"https:\/\/1drv.ms\/v\/s!AmUvGHj75QO6gXipToHdyzjn_MvK?e=C4uqv8\">Sch\u00fctzenfest Deilinghofen 1956 Teil 2<\/a><\/h4>\n<\/td>\n<\/tr>\n<tr style=\"height: 23px;\">\n<td style=\"width: 100%; height: 23px;\">\n<h4><a href=\"https:\/\/1drv.ms\/v\/s!AmUvGHj75QO6gXmWDeMiEZGcAo_2?e=fHeXK3\">Sch\u00fctzenfest Deilinghofen 1958 Teil 1<\/a><\/h4>\n<\/td>\n<\/tr>\n<tr style=\"height: 23px;\">\n<td style=\"width: 100%; height: 23px;\">\n<h4><a href=\"https:\/\/1drv.ms\/v\/s!AmUvGHj75QO6gXtGHnjSvV_LYXCG?e=J3SpAi\">Sch\u00fctzenfest Deilinghofen 1958 Teil 2<\/a><\/h4>\n<\/td>\n<\/tr>\n<tr>\n<td style=\"width: 100%;\">\n<h4><a href=\"https:\/\/1drv.ms\/v\/s!AmUvGHj75QO6gXrWAHopqagjsAPK?e=0eMMw7\">Sch\u00fctzenfest Deilinghofen 1960 Teil 1<\/a><\/h4>\n<\/td>\n<\/tr>\n<tr>\n<td style=\"width: 100%;\">\n<h4><a href=\"https:\/\/1drv.ms\/v\/s!AmUvGHj75QO6ggDDIi7OkhPmiC64?e=Jce1GE\">Sch\u00fctzenfest Deilinghofen 1960 Teil 2<\/a><\/h4>\n<\/td>\n<\/tr>\n<tr style=\"height: 23px;\">\n<td style=\"width: 100%; height: 23px;\">\n<h4><a href=\"https:\/\/1drv.ms\/v\/s!AmUvGHj75QO6ggI_BCyuwaj02XWu?e=yYITHF\">Sch\u00fctzenfest Deilinghofen 1961 in Farbe<\/a><\/h4>\n<\/td>\n<\/tr>\n<tr style=\"height: 23px;\">\n<td style=\"width: 100%; height: 23px;\">\n<h4><a href=\"https:\/\/1drv.ms\/v\/s!AmUvGHj75QO6gXYF3rEzHHqfok1n?e=0tYDvZ\">Sch\u00fctzenfest Deilinghofen 1961 Teil 1<\/a><\/h4>\n<\/td>\n<\/tr>\n<tr style=\"height: 23px;\">\n<td style=\"width: 100%; height: 23px;\">\n<h4><a href=\"https:\/\/1drv.ms\/v\/s!AmUvGHj75QO6gX5h6ARdWRbZexS8?e=8xvBEM\">Sch\u00fctzenfest Deilinghofen 1961 Teil 2<\/a><\/h4>\n<\/td>\n<\/tr>\n<tr style=\"height: 23px;\">\n<td style=\"width: 100%; height: 23px;\">\n<h4><a href=\"https:\/\/1drv.ms\/v\/s!AmUvGHj75QO6gX9cJ9l5_wxs9l7M?e=IzIab3\">Sch\u00fctzenfest Deilinghofen 1963<\/a>\u00a0<\/h4>\n<\/td>\n<\/tr>\n<tr style=\"height: 23px;\">\n<td style=\"width: 100%; height: 23px;\">\n<h4><a href=\"https:\/\/1drv.ms\/v\/s!AmUvGHj75QO6gXftkNbB3_dheXSd?e=7NktQM\">Sch\u00fctzenfest Deilinghofen 1965<\/a><\/h4>\n<\/td>\n<\/tr>\n<tr style=\"height: 23px;\">\n<td style=\"width: 100%; height: 23px;\">\n<h4><a href=\"https:\/\/1drv.ms\/v\/s!AmUvGHj75QO6ggFFPo72jFI0HmY8?e=4U7jvP\">Sch\u00fctzenfest Deilinghofen 1969<\/a><\/h4>\n<\/td>\n<\/tr>\n<\/tbody>\n<\/table>\n","protected":false},"excerpt":{"rendered":"<p>Sch\u00fctzenfest Deilinghofen 1954 Sch\u00fctzenfest Deilinghofen 1956 Teil 1 Sch\u00fctzenfest Deilinghofen 1956 Teil 2 Sch\u00fctzenfest Deilinghofen 1958 Teil 1 Sch\u00fctzenfest Deilinghofen 1958 Teil 2 Sch\u00fctzenfest Deilinghofen 1960 Teil 1 Sch\u00fctzenfest Deilinghofen 1960 Teil 2 Sch\u00fctzenfest Deilinghofen 1961 in Farbe Sch\u00fctzenfest Deilinghofen 1961 Teil 1 Sch\u00fctzenfest Deilinghofen 1961 Teil 2 Sch\u00fctzenfest Deilinghofen 1963\u00a0 Sch\u00fctzenfest Deilinghofen 1965 Sch\u00fctzenfest [&hellip;]<\/p>\n","protected":false},"author":1,"featured_media":0,"parent":0,"menu_order":0,"comment_status":"closed","ping_status":"closed","template":"","meta":{"footnotes":""},"class_list":["post-2561","page","type-page","status-publish","hentry"],"_links":{"self":[{"href":"https:\/\/bsvdeilinghofen.de\/Neuigkeiten\/wp-json\/wp\/v2\/pages\/2561","targetHints":{"allow":["GET"]}}],"collection":[{"href":"https:\/\/bsvdeilinghofen.de\/Neuigkeiten\/wp-json\/wp\/v2\/pages"}],"about":[{"href":"https:\/\/bsvdeilinghofen.de\/Neuigkeiten\/wp-json\/wp\/v2\/types\/page"}],"author":[{"embeddable":true,"href":"https:\/\/bsvdeilinghofen.de\/Neuigkeiten\/wp-json\/wp\/v2\/users\/1"}],"replies":[{"embeddable":true,"href":"https:\/\/bsvdeilinghofen.de\/Neuigkeiten\/wp-json\/wp\/v2\/comments?post=2561"}],"version-history":[{"count":3,"href":"https:\/\/bsvdeilinghofen.de\/Neuigkeiten\/wp-json\/wp\/v2\/pages\/2561\/revisions"}],"predecessor-version":[{"id":4199,"href":"https:\/\/bsvdeilinghofen.de\/Neuigkeiten\/wp-json\/wp\/v2\/pages\/2561\/revisions\/4199"}],"wp:attachment":[{"href":"https:\/\/bsvdeilinghofen.de\/Neuigkeiten\/wp-json\/wp\/v2\/media?parent=2561"}],"curies":[{"name":"wp","href":"https:\/\/api.w.org\/{rel}","templated":true}]}}