{"id":128,"date":"2014-12-19T08:33:18","date_gmt":"2014-12-19T08:33:18","guid":{"rendered":"http:\/\/bsvdeilinghofen.de\/wpde\/?page_id=123"},"modified":"2024-03-29T21:11:05","modified_gmt":"2024-03-29T20:11:05","slug":"schuetzenheim","status":"publish","type":"page","link":"https:\/\/bsvdeilinghofen.de\/Neuigkeiten\/historie\/schuetzenheim\/","title":{"rendered":"Sch\u00fctzenheim"},"content":{"rendered":"<div class=\"menu-ueber-den-bsv-container\"><ul id=\"menu-ueber-den-bsv\" class=\"menu\"><li id=\"menu-item-2097\" class=\"menu-item menu-item-type-post_type menu-item-object-page menu-item-2097\"><a href=\"https:\/\/bsvdeilinghofen.de\/Neuigkeiten\/historie\/koenige\/\">K\u00f6nigsh\u00e4user<\/a><\/li>\n<li id=\"menu-item-2098\" class=\"menu-item menu-item-type-post_type menu-item-object-page menu-item-2098\"><a href=\"https:\/\/bsvdeilinghofen.de\/Neuigkeiten\/historie\/schuetzenheim\/\">Sch\u00fctzenheim<\/a><\/li>\n<li id=\"menu-item-2099\" class=\"menu-item menu-item-type-post_type menu-item-object-page menu-item-2099\"><a href=\"https:\/\/bsvdeilinghofen.de\/Neuigkeiten\/historie\/vogelschiessen\/\">Vogelschie\u00dfen<\/a><\/li>\n<li id=\"menu-item-2100\" class=\"menu-item menu-item-type-post_type menu-item-object-page menu-item-2100\"><a href=\"https:\/\/bsvdeilinghofen.de\/Neuigkeiten\/historie\/geschichte-des-bsv-deilinghofen\/\">Geschichte<\/a><\/li>\n<\/ul><\/div>\n\n\n\n<hr class=\"wp-block-separator has-alpha-channel-opacity\"\/>\n\n\n\n<h3>\u00a0<\/h3>\n<h2><span style=\"color: #ffff00;\"><strong>Sch\u00fctzenheim Mieten:<\/strong><\/span><br \/><br \/><\/h2>\n\n\n\n<h3><span style=\"color: #ffff00;\">Miete 200 Euro, Reinigung 45 Euro<\/span><br \/><span style=\"color: #ffff00;\">Infos und Termine ab 18:00 Uhr bei unserem Heimwirt Dirk Isenberg unter 0172 5126767<\/span><\/h3>\n<p>\u00a0<\/p>\n<p>\u00a0<\/p>\n\n\n\n<h2 class=\"wp-block-heading\"><span style=\"text-decoration: underline;\">Sch\u00fctzenheim am &#8222;Balver Weg&#8220;<\/span><\/h2>\n\n\n\n\n\n<h6 class=\"wp-block-heading\">(Text aus den B\u00fcchern &#8222;Von der Insel zum Felsenmeer&#8220; und der &#8222;Festschrift zum 125j\u00e4hrigen Vereinsjubil\u00e4um&#8220; geringf\u00fcgig erg\u00e4nzt)<\/h6>\n\n\n\n<figure class=\"wp-block-image\"><img loading=\"lazy\" decoding=\"async\" width=\"1024\" height=\"461\" src=\"https:\/\/bsvdeilinghofen.de\/wp-content\/uploads\/2024\/03\/IMG-20220726-WA0028-1024x461.jpg\" alt=\"\" class=\"wp-image-3978\" srcset=\"https:\/\/bsvdeilinghofen.de\/Neuigkeiten\/wp-content\/uploads\/2024\/03\/IMG-20220726-WA0028-1024x461.jpg 1024w, https:\/\/bsvdeilinghofen.de\/Neuigkeiten\/wp-content\/uploads\/2024\/03\/IMG-20220726-WA0028-300x135.jpg 300w, https:\/\/bsvdeilinghofen.de\/Neuigkeiten\/wp-content\/uploads\/2024\/03\/IMG-20220726-WA0028-768x346.jpg 768w, https:\/\/bsvdeilinghofen.de\/Neuigkeiten\/wp-content\/uploads\/2024\/03\/IMG-20220726-WA0028-1536x691.jpg 1536w, https:\/\/bsvdeilinghofen.de\/Neuigkeiten\/wp-content\/uploads\/2024\/03\/IMG-20220726-WA0028.jpg 1600w\" sizes=\"auto, (max-width: 1024px) 100vw, 1024px\" \/><\/figure>\n\n\n\n<p>Im Mittelpunkt des Sch\u00fctzenlebens in Deilinghofen steht das Sch\u00fctzenheim. Umgeben von Tannenw\u00e4ldern liegt es am Fu\u00dfe des Ostenberges direkt am Balver Weg.<br>Der BSV begann im Jahre 1955 mit dem Schie\u00dfsport. Pokalwettbewerbe im Luftgewehrschie\u00dfen wurden im Vereinslokal P\u00fctthoff durchgef\u00fchrt. 1962 wurde der Bau eines Schie\u00dfstandes geplant. Das Grundst\u00fcck am Balver Weg konnte von den Sch\u00fctzenbr\u00fcdern Bornemann und Schulte-Platthaus langfristig gepachtet werden. Der BSVD errichtete einen Kleinkaliberschie\u00dfstand, der am 15.06.1963 offiziell mit einer Feierstunde eingeweiht wurde.<br><img loading=\"lazy\" decoding=\"async\" class=\"alignnone size-large wp-image-3979\" src=\"https:\/\/bsvdeilinghofen.de\/wp-content\/uploads\/2024\/03\/20-03-Schuetzenheim-Theke-1024x497.jpeg\" alt=\"\" width=\"640\" height=\"311\" srcset=\"https:\/\/bsvdeilinghofen.de\/Neuigkeiten\/wp-content\/uploads\/2024\/03\/20-03-Schuetzenheim-Theke-1024x497.jpeg 1024w, https:\/\/bsvdeilinghofen.de\/Neuigkeiten\/wp-content\/uploads\/2024\/03\/20-03-Schuetzenheim-Theke-300x146.jpeg 300w, https:\/\/bsvdeilinghofen.de\/Neuigkeiten\/wp-content\/uploads\/2024\/03\/20-03-Schuetzenheim-Theke-768x373.jpeg 768w, https:\/\/bsvdeilinghofen.de\/Neuigkeiten\/wp-content\/uploads\/2024\/03\/20-03-Schuetzenheim-Theke-1536x746.jpeg 1536w, https:\/\/bsvdeilinghofen.de\/Neuigkeiten\/wp-content\/uploads\/2024\/03\/20-03-Schuetzenheim-Theke.jpeg 1600w\" sizes=\"auto, (max-width: 640px) 100vw, 640px\" \/><br>Mit der Zeit wuchs die Anzahl der Sportsch\u00fctzen, so dass die Anlage zu klein wurde. Besonders fehlte den Jungsch\u00fctzen ein Luftgewehrstand. Ein Anbau in der Gr\u00f6\u00dfe 12 x 5 m mit eingebauten Toilettenanlagen wurde in Angriff genommen. Das Grundst\u00fcck konnte zwischenzeitlich von den Eigent\u00fcmern erworben und der zweite Bauabschnitt realisiert werden. Wiederum in Eigenleistung und ohne finanzielle Unterst\u00fctzung \u00f6ffentlicher Stellen konnte der Erweiterungsbau mit drei Schie\u00dfbahnen (10 m) am 25. Mai 1968 seiner Bestimmung \u00fcbergeben werden. Zu diesem Anlass wurde ein gro\u00dfes Preisschie\u00dfen mit anschlie\u00dfendem Fr\u00fchlingsfest veranstaltet.Der BSVD baute den Schie\u00dfstand in mehreren Bauabschnitten zu einem schmucken Sch\u00fctzenheim aus. Der Kleinkaliberschie\u00dfstand fiel diesen Ma\u00dfnahmen leider zum Opfer, so dass heute nur noch auf vier Bahnen ein Luftgewehrschie\u00dfen m\u00f6glich ist.<br>Durch den Anstieg der Mitgliederzahlen und den zunehmenden Aktivit\u00e4ten wurde ein weiterer Ausbau des Sch\u00fctzenheimes beschlossen. Heimleiter Heinrich Jacobs wurde mit der Planung beauftragt. Unter seiner fachkundigen Bauleitung und der tatkr\u00e4ftigen Mithilfe passiver und aktiver Mitgliederkonnte der dritte Bauabschnitt fertiggestellt werden.<img loading=\"lazy\" decoding=\"async\" class=\"alignnone size-large wp-image-3682\" src=\"https:\/\/bsvdeilinghofen.de\/wp-content\/uploads\/2023\/03\/20230304_121135-1024x768.jpg\" alt=\"\" width=\"640\" height=\"480\" srcset=\"https:\/\/bsvdeilinghofen.de\/Neuigkeiten\/wp-content\/uploads\/2023\/03\/20230304_121135-1024x768.jpg 1024w, https:\/\/bsvdeilinghofen.de\/Neuigkeiten\/wp-content\/uploads\/2023\/03\/20230304_121135-300x225.jpg 300w, https:\/\/bsvdeilinghofen.de\/Neuigkeiten\/wp-content\/uploads\/2023\/03\/20230304_121135-768x576.jpg 768w, https:\/\/bsvdeilinghofen.de\/Neuigkeiten\/wp-content\/uploads\/2023\/03\/20230304_121135-1536x1152.jpg 1536w, https:\/\/bsvdeilinghofen.de\/Neuigkeiten\/wp-content\/uploads\/2023\/03\/20230304_121135-2048x1536.jpg 2048w\" sizes=\"auto, (max-width: 640px) 100vw, 640px\" \/><\/p>\n\n\n\n<p>Dem BSV war es gelungen, einen Gro\u00dfteil der Baukosten durch Spenden und einer Beitragsvorleistung (Aktion \u201eHeim-Baustein\u201d) zu finanzieren. In den Folgejahren wurden die Au\u00dfenanlagen versch\u00f6nert und der Vorplatz sowie der Weg hinauf zum Plateau mit Pflastersteinen befestigt. Der BSV ist stolz auf sein Anwesen und alle Mitglieder sollten stets bem\u00fcht sein, dieses in einem guten Zustand zu erhalten.<\/p>\n\n\n\n<p>Das Sch\u00fctzenheim kann gegen Geb\u00fchr auch von Nichtmitgliedern gemietet werden. Die Kapazit\u00e4t betr\u00e4gt bei vollst\u00e4ndiger Bestuhlung ca. 80 ansonsten bis zu 120 Personen. Daher war im Jahre 2008 der vorerst letzte Bauabschnitt n\u00f6tig um auch hier eine ansprechend Anlage vorhalten zu k\u00f6nnen \u2013 die Modernisierung und Erweiterung der Toiletten.<br><img loading=\"lazy\" decoding=\"async\" class=\"alignnone size-large wp-image-3683\" src=\"https:\/\/bsvdeilinghofen.de\/wp-content\/uploads\/2023\/03\/20230304_121132-1024x768.jpg\" alt=\"\" width=\"640\" height=\"480\" srcset=\"https:\/\/bsvdeilinghofen.de\/Neuigkeiten\/wp-content\/uploads\/2023\/03\/20230304_121132-1024x768.jpg 1024w, https:\/\/bsvdeilinghofen.de\/Neuigkeiten\/wp-content\/uploads\/2023\/03\/20230304_121132-300x225.jpg 300w, https:\/\/bsvdeilinghofen.de\/Neuigkeiten\/wp-content\/uploads\/2023\/03\/20230304_121132-768x576.jpg 768w, https:\/\/bsvdeilinghofen.de\/Neuigkeiten\/wp-content\/uploads\/2023\/03\/20230304_121132-1536x1152.jpg 1536w, https:\/\/bsvdeilinghofen.de\/Neuigkeiten\/wp-content\/uploads\/2023\/03\/20230304_121132-2048x1536.jpg 2048w\" sizes=\"auto, (max-width: 640px) 100vw, 640px\" \/><\/p>\n\n\n\n<p>Unter Federf\u00fchrung des damaligen Vorsitzenden Klaus-J\u00fcrgen Krone und Leo M\u00fcllers wurden etliche Tonnen Erde und Gestein bewegt, um Platz f\u00fcr einen ansprechenden Anbau zu erhalten.<br><img loading=\"lazy\" decoding=\"async\" class=\"alignnone size-large wp-image-3698\" src=\"https:\/\/bsvdeilinghofen.de\/wp-content\/uploads\/2023\/03\/20230304_121141-1024x768.jpg\" alt=\"\" width=\"640\" height=\"480\" srcset=\"https:\/\/bsvdeilinghofen.de\/Neuigkeiten\/wp-content\/uploads\/2023\/03\/20230304_121141-1024x768.jpg 1024w, https:\/\/bsvdeilinghofen.de\/Neuigkeiten\/wp-content\/uploads\/2023\/03\/20230304_121141-300x225.jpg 300w, https:\/\/bsvdeilinghofen.de\/Neuigkeiten\/wp-content\/uploads\/2023\/03\/20230304_121141-768x576.jpg 768w, https:\/\/bsvdeilinghofen.de\/Neuigkeiten\/wp-content\/uploads\/2023\/03\/20230304_121141-1536x1152.jpg 1536w, https:\/\/bsvdeilinghofen.de\/Neuigkeiten\/wp-content\/uploads\/2023\/03\/20230304_121141-2048x1536.jpg 2048w\" sizes=\"auto, (max-width: 640px) 100vw, 640px\" \/><\/p>\n\n\n\n<p>Auch hier konnte dank einer \u201eBausteinaktion\u201c bei den Vereinsmitgliedern und anderen G\u00f6nnern ein Gro\u00dfteil der erforderlichen Mitteln generiert werden.<\/p>\n","protected":false},"excerpt":{"rendered":"<p>\u00a0 Sch\u00fctzenheim Mieten: Miete 200 Euro, Reinigung 45 EuroInfos und Termine ab 18:00 Uhr bei unserem Heimwirt Dirk Isenberg unter 0172 5126767 \u00a0 \u00a0 Sch\u00fctzenheim am &#8222;Balver Weg&#8220; (Text aus den B\u00fcchern &#8222;Von der Insel zum Felsenmeer&#8220; und der &#8222;Festschrift zum 125j\u00e4hrigen Vereinsjubil\u00e4um&#8220; geringf\u00fcgig erg\u00e4nzt) Im Mittelpunkt des Sch\u00fctzenlebens in Deilinghofen steht das Sch\u00fctzenheim. Umgeben [&hellip;]<\/p>\n","protected":false},"author":1,"featured_media":0,"parent":119,"menu_order":0,"comment_status":"closed","ping_status":"closed","template":"page-full-width.php","meta":{"footnotes":""},"class_list":["post-128","page","type-page","status-publish","hentry"],"_links":{"self":[{"href":"https:\/\/bsvdeilinghofen.de\/Neuigkeiten\/wp-json\/wp\/v2\/pages\/128","targetHints":{"allow":["GET"]}}],"collection":[{"href":"https:\/\/bsvdeilinghofen.de\/Neuigkeiten\/wp-json\/wp\/v2\/pages"}],"about":[{"href":"https:\/\/bsvdeilinghofen.de\/Neuigkeiten\/wp-json\/wp\/v2\/types\/page"}],"author":[{"embeddable":true,"href":"https:\/\/bsvdeilinghofen.de\/Neuigkeiten\/wp-json\/wp\/v2\/users\/1"}],"replies":[{"embeddable":true,"href":"https:\/\/bsvdeilinghofen.de\/Neuigkeiten\/wp-json\/wp\/v2\/comments?post=128"}],"version-history":[{"count":12,"href":"https:\/\/bsvdeilinghofen.de\/Neuigkeiten\/wp-json\/wp\/v2\/pages\/128\/revisions"}],"predecessor-version":[{"id":4379,"href":"https:\/\/bsvdeilinghofen.de\/Neuigkeiten\/wp-json\/wp\/v2\/pages\/128\/revisions\/4379"}],"up":[{"embeddable":true,"href":"https:\/\/bsvdeilinghofen.de\/Neuigkeiten\/wp-json\/wp\/v2\/pages\/119"}],"wp:attachment":[{"href":"https:\/\/bsvdeilinghofen.de\/Neuigkeiten\/wp-json\/wp\/v2\/media?parent=128"}],"curies":[{"name":"wp","href":"https:\/\/api.w.org\/{rel}","templated":true}]}}