{"id":123,"date":"2014-12-18T16:04:53","date_gmt":"2014-12-18T16:04:53","guid":{"rendered":"http:\/\/bsvdeilinghofen.de\/wpde\/?page_id=50"},"modified":"2023-03-15T21:44:36","modified_gmt":"2023-03-15T20:44:36","slug":"artillerie","status":"publish","type":"page","link":"https:\/\/bsvdeilinghofen.de\/Neuigkeiten\/formationen\/artillerie\/","title":{"rendered":"Artillerie"},"content":{"rendered":"<div class=\"menu-artillerie-container\"><ul id=\"menu-artillerie\" class=\"menu\"><li id=\"menu-item-2082\" class=\"menu-item menu-item-type-post_type menu-item-object-page menu-item-2082\"><a href=\"https:\/\/bsvdeilinghofen.de\/Neuigkeiten\/formationen\/artillerie\/geschichte-der-artillerie\/\">Geschichte<\/a><\/li>\n<li id=\"menu-item-2084\" class=\"menu-item menu-item-type-post_type menu-item-object-page menu-item-2084\"><a href=\"https:\/\/bsvdeilinghofen.de\/Neuigkeiten\/formationen\/artillerie\/koenigshaeuser-artillerie\/\">K\u00f6nigsh\u00e4user<\/a><\/li>\n<li id=\"menu-item-2083\" class=\"menu-item menu-item-type-post_type menu-item-object-page menu-item-2083\"><a href=\"https:\/\/bsvdeilinghofen.de\/Neuigkeiten\/formationen\/artillerie\/kompaniekoenige-artillerie\/\">Kompaniek\u00f6nige<\/a><\/li>\n<li id=\"menu-item-2085\" class=\"menu-item menu-item-type-post_type menu-item-object-page menu-item-2085\"><a href=\"https:\/\/bsvdeilinghofen.de\/Neuigkeiten\/formationen\/artillerie\/termine-der-artillerie\/\">Termine<\/a><\/li>\n<li id=\"menu-item-2086\" class=\"menu-item menu-item-type-post_type menu-item-object-page menu-item-2086\"><a href=\"https:\/\/bsvdeilinghofen.de\/Neuigkeiten\/formationen\/artillerie\/vorstand-artillerie\/\">Vorstand<\/a><\/li>\n<\/ul><\/div>\n<hr \/>\n<p style=\"text-align: justify;\">Im Jahr 1929 entstand eine sogenannte \u201cArtillerie-Compagnie\u201d. Die Leitung hatte der Hauptmann Ewald P\u00fctthoff, der die Eignung der Mitglieder pers\u00f6nlich pr\u00fcfte. Im gleichen Jahr wurde die erste Kanone mit Protze und Zubeh\u00f6r f\u00fcr 641 Mark zuz\u00fcglich 50 Mark Fracht von den Monachitwerken in Rosenheim geliefert.<\/p>\n<p style=\"text-align: justify;\">Durch die Bef\u00f6rderung von Ewald P\u00fctthoff im Jahr 1930 zum Major wurden Heinrich Sirringhaus jun. und Heinrich Busch zu Hauptm\u00e4nnern der Artillerie gew\u00e4hlt. Heinrich Sirringhaus wurde sp\u00e4ter von Fritz Eppmann abgel\u00f6st, der bis 1939 die Artillerie f\u00fchrte und leider im 2. Weltkrieg fiel.<\/p>\n<p style=\"text-align: justify;\">Nach Beendigung des zweiten Weltkrieges baute Werner Holthaus eine neue Kanone, da die an einem sogenannten \u201csicheren Ort\u201d aufbewahrte Kanonone unter dubiosen Umst\u00e4nden an einen Schrotth\u00e4ndler verkauft wurde.<\/p>\n<p style=\"text-align: justify;\">Von Pferden gezogen war die Premiere f\u00fcr die neue Kanone beim Sch\u00fctzenfest 1954. Heinrich Busch war is zu seinem Tode 1970 der neue Hauptmann. Nachfolger wurde Werner Holthaus.<\/p>\n<p style=\"text-align: justify;\">1974 wurde ein selbst finanzierter Unimog zum Mannschaftswagen umfunktioniert, worauf man sehr stolz war.<\/p>\n<p style=\"text-align: justify;\">\n","protected":false},"excerpt":{"rendered":"<p>Im Jahr 1929 entstand eine sogenannte \u201cArtillerie-Compagnie\u201d. Die Leitung hatte der Hauptmann Ewald P\u00fctthoff, der die Eignung der Mitglieder pers\u00f6nlich pr\u00fcfte. Im gleichen Jahr wurde die erste Kanone mit Protze und Zubeh\u00f6r f\u00fcr 641 Mark zuz\u00fcglich 50 Mark Fracht von den Monachitwerken in Rosenheim geliefert. Durch die Bef\u00f6rderung von Ewald P\u00fctthoff im Jahr 1930 zum [&hellip;]<\/p>\n","protected":false},"author":11,"featured_media":0,"parent":118,"menu_order":0,"comment_status":"closed","ping_status":"closed","template":"page-full-width.php","meta":{"footnotes":""},"class_list":["post-123","page","type-page","status-publish","hentry"],"_links":{"self":[{"href":"https:\/\/bsvdeilinghofen.de\/Neuigkeiten\/wp-json\/wp\/v2\/pages\/123","targetHints":{"allow":["GET"]}}],"collection":[{"href":"https:\/\/bsvdeilinghofen.de\/Neuigkeiten\/wp-json\/wp\/v2\/pages"}],"about":[{"href":"https:\/\/bsvdeilinghofen.de\/Neuigkeiten\/wp-json\/wp\/v2\/types\/page"}],"author":[{"embeddable":true,"href":"https:\/\/bsvdeilinghofen.de\/Neuigkeiten\/wp-json\/wp\/v2\/users\/11"}],"replies":[{"embeddable":true,"href":"https:\/\/bsvdeilinghofen.de\/Neuigkeiten\/wp-json\/wp\/v2\/comments?post=123"}],"version-history":[{"count":2,"href":"https:\/\/bsvdeilinghofen.de\/Neuigkeiten\/wp-json\/wp\/v2\/pages\/123\/revisions"}],"predecessor-version":[{"id":4248,"href":"https:\/\/bsvdeilinghofen.de\/Neuigkeiten\/wp-json\/wp\/v2\/pages\/123\/revisions\/4248"}],"up":[{"embeddable":true,"href":"https:\/\/bsvdeilinghofen.de\/Neuigkeiten\/wp-json\/wp\/v2\/pages\/118"}],"wp:attachment":[{"href":"https:\/\/bsvdeilinghofen.de\/Neuigkeiten\/wp-json\/wp\/v2\/media?parent=123"}],"curies":[{"name":"wp","href":"https:\/\/api.w.org\/{rel}","templated":true}]}}